{"id":977,"date":"2020-05-06T16:50:41","date_gmt":"2020-05-06T16:50:41","guid":{"rendered":"https:\/\/www.designersusanna.fi\/?page_id=977"},"modified":"2020-05-08T14:50:58","modified_gmt":"2020-05-08T14:50:58","slug":"about-2","status":"publish","type":"page","link":"https:\/\/www.designersusanna.fi\/?page_id=977","title":{"rendered":"About"},"content":{"rendered":"<p>[et_pb_section fb_built=&#8221;1&#8243; disabled_on=&#8221;off|off|off&#8221; _builder_version=&#8221;4.4.5&#8243; custom_padding=&#8221;0px||0px||true|false&#8221; hover_enabled=&#8221;0&#8243;][et_pb_row column_structure=&#8221;1_2,1_2&#8243; use_custom_gutter=&#8221;on&#8221; gutter_width=&#8221;0&#8243; make_equal=&#8221;on&#8221; custom_padding_last_edited=&#8221;on|tablet&#8221; disabled_on=&#8221;off|off|off&#8221; admin_label=&#8221;About Area&#8221; _builder_version=&#8221;4.4.5&#8243; width=&#8221;100%&#8221; max_width=&#8221;100%&#8221; custom_padding=&#8221;0px||0px||false|false&#8221; custom_padding_tablet=&#8221;1px||||false|false&#8221; custom_padding_phone=&#8221;&#8221; hover_enabled=&#8221;0&#8243; use_custom_width=&#8221;on&#8221; width_unit=&#8221;off&#8221; custom_width_percent=&#8221;100%&#8221;][et_pb_column type=&#8221;1_2&#8243; _builder_version=&#8221;4.4.5&#8243; background_image=&#8221;https:\/\/www.designersusanna.fi\/wp-content\/uploads\/2020\/03\/Susanna-Tyrva\u0308inen-Kuva-Jone-Matilainen.jpg&#8221; custom_padding=&#8221;400px|5%|400px|5%|true|false&#8221; custom_padding_tablet=&#8221;400px|5%|400px|5%|true|false&#8221; custom_padding_phone=&#8221;225px||225px||true|false&#8221; custom_padding_last_edited=&#8221;on|phone&#8221; custom_padding__hover=&#8221;|||&#8221;][et_pb_text _builder_version=&#8221;4.4.5&#8243;][\/et_pb_text][\/et_pb_column][et_pb_column type=&#8221;1_2&#8243; _builder_version=&#8221;4.4.5&#8243; background_color=&#8221;#282624&#8243; custom_padding=&#8221;|5%||5%|true|false&#8221; custom_padding_tablet=&#8221;150px||150px||true|false&#8221; custom_padding_phone=&#8221;&#8221; custom_padding_last_edited=&#8221;on|phone&#8221; custom_padding__hover=&#8221;|||&#8221;][et_pb_text admin_label=&#8221;Title&#8221; _builder_version=&#8221;4.4.5&#8243; text_font=&#8221;||||||||&#8221; header_font=&#8221;||||||||&#8221; header_2_font=&#8221;Poppins|600|||||||&#8221; header_2_text_align=&#8221;center&#8221; header_2_font_size=&#8221;36px&#8221; header_2_line_height=&#8221;1.2em&#8221; text_orientation=&#8221;center&#8221; background_layout=&#8221;dark&#8221; max_width=&#8221;550px&#8221; module_alignment=&#8221;center&#8221; custom_margin=&#8221;200px||||false|false&#8221; custom_margin_tablet=&#8221;-50px||||false|false&#8221; custom_margin_phone=&#8221;&#8221; custom_margin_last_edited=&#8221;on|phone&#8221; custom_padding=&#8221;|5%||5%|false|true&#8221; animation_style=&#8221;fade&#8221; locked=&#8221;off&#8221;]<\/p>\n<h2>Susanna Tyrv\u00e4inen<\/h2>\n<p>[\/et_pb_text][et_pb_divider color=&#8221;#fdb467&#8243; divider_position=&#8221;center&#8221; divider_weight=&#8221;3px&#8221; _builder_version=&#8221;3.2&#8243; max_width=&#8221;50px&#8221; module_alignment=&#8221;center&#8221; animation_style=&#8221;slide&#8221; animation_direction=&#8221;top&#8221; animation_intensity_slide=&#8221;10%&#8221; animation_starting_opacity=&#8221;100%&#8221; locked=&#8221;off&#8221;][\/et_pb_divider][et_pb_text _builder_version=&#8221;4.4.5&#8243; text_font=&#8221;Poppins||||||||&#8221; text_text_color=&#8221;#ffffff&#8221; text_font_size=&#8221;18px&#8221; text_line_height=&#8221;1.8em&#8221; background_layout=&#8221;dark&#8221; custom_margin=&#8221;25px|||&#8221; custom_margin_tablet=&#8221;&#8221; custom_margin_phone=&#8221;&#8221; custom_margin_last_edited=&#8221;on|desktop&#8221; animation_style=&#8221;fold&#8221; animation_direction=&#8221;left&#8221; animation_intensity_fold=&#8221;10%&#8221; animation_starting_opacity=&#8221;100%&#8221;]<\/p>\n<p style=\"text-align: center;\">Ceramic- and glassdesigner Susanna Tyrv\u00e4inen, born 1983, lives and works in Pieks\u00e4m\u00e4ki. Her works are combained with clear and unik designlanguage. Tyrv\u00e4inen makes smallseries of everyday ceramics, sculptures and art pieces. Her materials are glass and ceramics. Mouthblown glasses are finnish art handycraft and are made in co-operation with the masterglassblower Kari Alakoski in Riihim\u00e4ki.<\/p>\n<p>[\/et_pb_text][\/et_pb_column][\/et_pb_row][\/et_pb_section][et_pb_section fb_built=&#8221;1&#8243; _builder_version=&#8221;4.4.5&#8243; custom_padding=&#8221;0px||0px|||&#8221;][et_pb_row column_structure=&#8221;1_2,1_2&#8243; use_custom_gutter=&#8221;on&#8221; gutter_width=&#8221;0&#8243; make_equal=&#8221;on&#8221; disabled_on=&#8221;on|on|off&#8221; admin_label=&#8221;Workshops and Events Area&#8221; module_class=&#8221; et_pb_row_fullwidth&#8221; _builder_version=&#8221;4.4.5&#8243; width=&#8221;100%&#8221; width_tablet=&#8221;100%&#8221; width_phone=&#8221;&#8221; width_last_edited=&#8221;on|desktop&#8221; max_width=&#8221;100%&#8221; max_width_tablet=&#8221;100%&#8221; max_width_phone=&#8221;&#8221; max_width_last_edited=&#8221;on|desktop&#8221; custom_margin=&#8221;|auto|7px|auto||&#8221; custom_padding=&#8221;0px||0px|||&#8221; make_fullwidth=&#8221;on&#8221;][et_pb_column type=&#8221;1_2&#8243; _builder_version=&#8221;4.0.3&#8243; background_color=&#8221;#efe9e4&#8243; custom_padding=&#8221;10%|5%|10%|5%&#8221; custom_padding__hover=&#8221;|||&#8221;][et_pb_text _builder_version=&#8221;4.4.5&#8243; header_4_line_height=&#8221;1.7em&#8221; custom_margin=&#8221;-42px|||||&#8221; custom_margin_tablet=&#8221;-16px||||false|false&#8221; custom_margin_phone=&#8221;0px||||false|false&#8221; custom_margin_last_edited=&#8221;on|phone&#8221;]<\/p>\n<h2><strong>Susanna Tyrv\u00e4inen<\/strong><\/h2>\n<p><strong><\/strong><\/p>\n<h4 style=\"text-align: left;\">1983<\/h4>\n<p>Pieks\u00e4m\u00e4ki<\/p>\n<h4><\/h4>\n<h4>As an artist I am interested in secrets and the joy of discovering. I tend to create layers and little things that the viewer can connect and find. I showcase stories to being seen in a visual form.<\/h4>\n<h4><\/h4>\n<h4>My main materials are ceramic and glass. Vibrant colors and multiple possibilities from feather light to heavy multilayered works are fascinating in glass. Glass reveals all and creates new layers inside, while also twisting and mirroring them. It has its own fourth dimension. Ceramics on the other hand gives the opportunity to present multiple forms and surfaces and you can really soak your hands in it. With different materials you can present more, so combining them is in my art.<\/h4>\n<h4><\/h4>\n<h4>Usually I plan my works very precisely, but I also give chance an opportunity. Many of my works have started from technical source, where I like to challenge myself. My works are at the same time like some kind of material investigation. What can I do from this material that would be something new and would present something in the best possible way?<\/h4>\n<h4><\/h4>\n<h4>There is always more behind the things that is seen at first. I find inspiration from constantly observing the environment. Human behavior, interaction and constant movement in change give a lot to think about. A phenomena in nature or just a part of it can be an inspiration or just one single word.<\/h4>\n<h4><\/h4>\n<h4>I want the viewer to have opportunity to think, experience and to feel. To bring out shared experience of humor, pain or some kind of realization. To detach people at least just for a while from rush and hecticness. To offer a break and a moment of visual pleasure.<\/h4>\n<p>[\/et_pb_text][\/et_pb_column][et_pb_column type=&#8221;1_2&#8243; _builder_version=&#8221;4.0.3&#8243; background_image=&#8221;https:\/\/www.designersusanna.fi\/wp-content\/uploads\/2020\/03\/Susanna-Tyrva\u0308inen2-Kuva-Jone-Matilainen.jpg&#8221; background_repeat=&#8221;repeat&#8221; custom_padding=&#8221;|||&#8221; custom_padding__hover=&#8221;|||&#8221;][et_pb_divider show_divider=&#8221;off&#8221; _builder_version=&#8221;3.2&#8243; height=&#8221;400px&#8221; locked=&#8221;off&#8221;][\/et_pb_divider][\/et_pb_column][\/et_pb_row][et_pb_row column_structure=&#8221;1_2,1_2&#8243; use_custom_gutter=&#8221;on&#8221; gutter_width=&#8221;0&#8243; make_equal=&#8221;on&#8221; disabled_on=&#8221;off|off|on&#8221; admin_label=&#8221;Workshops and Events Area&#8221; module_class=&#8221; et_pb_row_fullwidth&#8221; _builder_version=&#8221;4.4.5&#8243; width=&#8221;100%&#8221; width_tablet=&#8221;100%&#8221; width_phone=&#8221;&#8221; width_last_edited=&#8221;on|desktop&#8221; max_width=&#8221;100%&#8221; max_width_tablet=&#8221;100%&#8221; max_width_phone=&#8221;&#8221; max_width_last_edited=&#8221;on|desktop&#8221; custom_margin=&#8221;|auto|7px|auto||&#8221; custom_padding=&#8221;0px||0px|||&#8221; make_fullwidth=&#8221;on&#8221;][et_pb_column type=&#8221;1_2&#8243; _builder_version=&#8221;4.0.3&#8243; background_image=&#8221;https:\/\/www.designersusanna.fi\/wp-content\/uploads\/2020\/03\/Susanna-Tyrva\u0308inen2-Kuva-Jone-Matilainen.jpg&#8221; background_repeat=&#8221;repeat&#8221; custom_padding=&#8221;|||&#8221; custom_padding__hover=&#8221;|||&#8221;][et_pb_divider show_divider=&#8221;off&#8221; _builder_version=&#8221;3.2&#8243; height=&#8221;400px&#8221; locked=&#8221;off&#8221;][\/et_pb_divider][\/et_pb_column][et_pb_column type=&#8221;1_2&#8243; _builder_version=&#8221;4.0.3&#8243; background_color=&#8221;#efe9e4&#8243; custom_padding=&#8221;10%|5%|10%|5%&#8221; custom_padding__hover=&#8221;|||&#8221;][et_pb_text _builder_version=&#8221;4.4.5&#8243; header_4_line_height=&#8221;1.7em&#8221; custom_margin=&#8221;-42px|||||&#8221; hover_enabled=&#8221;0&#8243; custom_margin_last_edited=&#8221;on|phone&#8221; custom_margin_tablet=&#8221;-9px||||false|false&#8221; custom_margin_phone=&#8221;0px||||false|false&#8221;]<\/p>\n<h2><strong>Susanna Tyrv\u00e4inen<\/strong><\/h2>\n<p><strong><\/strong><\/p>\n<h4 style=\"text-align: left;\">1983<\/h4>\n<p>Pieks\u00e4m\u00e4ki<\/p>\n<h4><\/h4>\n<h4>As an artist I am interested in secrets and the joy of discovering. I tend to create layers and little things that the viewer can connect and find. I showcase stories to being seen in a visual form.<\/h4>\n<h4><\/h4>\n<h4>My main materials are ceramic and glass. Vibrant colors and multiple possibilities from feather light to heavy multilayered works are fascinating in glass. Glass reveals all and creates new layers inside, while also twisting and mirroring them. It has its own fourth dimension. Ceramics on the other hand gives the opportunity to present multiple forms and surfaces and you can really soak your hands in it. With different materials you can present more, so combining them is in my art.<\/h4>\n<h4><\/h4>\n<h4>Usually I plan my works very precisely, but I also give chance an opportunity. Many of my works have started from technical source, where I like to challenge myself. My works are at the same time like some kind of material investigation. What can I do from this material that would be something new and would present something in the best possible way?<\/h4>\n<h4><\/h4>\n<h4>There is always more behind the things that is seen at first. I find inspiration from constantly observing the environment. Human behavior, interaction and constant movement in change give a lot to think about. A phenomena in nature or just a part of it can be an inspiration or just one single word.<\/h4>\n<h4><\/h4>\n<h4>I want the viewer to have opportunity to think, experience and to feel. To bring out shared experience of humor, pain or some kind of realization. To detach people at least just for a while from rush and hecticness. To offer a break and a moment of visual pleasure.<\/h4>\n<p>[\/et_pb_text][\/et_pb_column][\/et_pb_row][\/et_pb_section][et_pb_section fb_built=&#8221;1&#8243; admin_label=&#8221;Footer Section&#8221; _builder_version=&#8221;3.22&#8243; background_color=&#8221;#1e1d1c&#8221; custom_padding=&#8221;29px||29px||true|&#8221; global_module=&#8221;1053&#8243; saved_tabs=&#8221;all&#8221; locked=&#8221;off&#8221;][et_pb_row column_structure=&#8221;1_3,1_3,1_3&#8243; admin_label=&#8221;Footer Area&#8221; _builder_version=&#8221;3.25&#8243;][et_pb_column type=&#8221;1_3&#8243; _builder_version=&#8221;3.25&#8243; custom_padding=&#8221;|||&#8221; custom_padding__hover=&#8221;|||&#8221;][et_pb_text ul_type=&#8221;none&#8221; admin_label=&#8221;Title&#8221; _builder_version=&#8221;4.0.3&#8243; text_font=&#8221;Poppins||||||||&#8221; text_text_color=&#8221;rgba(255,255,255,0.7)&#8221; text_font_size=&#8221;16px&#8221; text_line_height=&#8221;1.8em&#8221; ul_font=&#8221;Poppins||||||||&#8221; ul_text_align=&#8221;center&#8221; header_font=&#8221;||||||||&#8221; header_2_font=&#8221;Poppins||||||||&#8221; header_2_text_align=&#8221;center&#8221; header_2_font_size=&#8221;24px&#8221; header_2_line_height=&#8221;1.4em&#8221; text_orientation=&#8221;center&#8221; background_layout=&#8221;dark&#8221; custom_margin=&#8221;||15px|&#8221; custom_padding=&#8221;|||&#8221; animation_style=&#8221;fade&#8221;]<\/p>\n<h2>Studio<\/h2>\n<p>Savontie 39, <br \/>76100 Pieks\u00e4m\u00e4ki<\/p>\n<p>[\/et_pb_text][\/et_pb_column][et_pb_column type=&#8221;1_3&#8243; _builder_version=&#8221;3.25&#8243; custom_padding=&#8221;|||&#8221; custom_padding__hover=&#8221;|||&#8221;][et_pb_text ul_type=&#8221;none&#8221; admin_label=&#8221;Title&#8221; _builder_version=&#8221;4.4.5&#8243; text_font=&#8221;Poppins||||||||&#8221; text_text_color=&#8221;rgba(255,255,255,0.7)&#8221; text_font_size=&#8221;16px&#8221; text_line_height=&#8221;1.8em&#8221; ul_font=&#8221;Poppins||||||||&#8221; ul_text_align=&#8221;center&#8221; header_font=&#8221;||||||||&#8221; header_2_font=&#8221;Poppins||||||||&#8221; header_2_text_align=&#8221;center&#8221; header_2_font_size=&#8221;24px&#8221; header_2_line_height=&#8221;1.4em&#8221; text_orientation=&#8221;center&#8221; background_layout=&#8221;dark&#8221; custom_margin=&#8221;||15px|&#8221; custom_padding=&#8221;|||&#8221; animation_style=&#8221;fade&#8221;]<\/p>\n<h2>Phone<\/h2>\n<p><span>050 567 2283<\/span><\/p>\n<p>[\/et_pb_text][\/et_pb_column][et_pb_column type=&#8221;1_3&#8243; _builder_version=&#8221;3.25&#8243; custom_padding=&#8221;|||&#8221; custom_padding__hover=&#8221;|||&#8221;][et_pb_text ul_type=&#8221;none&#8221; admin_label=&#8221;Title&#8221; _builder_version=&#8221;4.4.5&#8243; text_font=&#8221;Poppins||||||||&#8221; text_text_color=&#8221;rgba(255,255,255,0.7)&#8221; text_font_size=&#8221;16px&#8221; text_line_height=&#8221;1.8em&#8221; ul_font=&#8221;Poppins||||||||&#8221; ul_text_align=&#8221;center&#8221; header_font=&#8221;||||||||&#8221; header_2_font=&#8221;Poppins||||||||&#8221; header_2_text_align=&#8221;center&#8221; header_2_font_size=&#8221;24px&#8221; header_2_line_height=&#8221;1.4em&#8221; text_orientation=&#8221;center&#8221; background_layout=&#8221;dark&#8221; custom_margin=&#8221;||15px|&#8221; custom_padding=&#8221;|||&#8221; animation_style=&#8221;fade&#8221;]<\/p>\n<h2>Email<\/h2>\n<div class=\"_50f4\"><a href=\"mailto:susanna.tyrvainen@gmail.com\" target=\"_blank\" rel=\"noopener noreferrer\">susanna.tyrvainen@gmail.com<\/a><\/div>\n<p style=\"text-align: center;\">[\/et_pb_text][\/et_pb_column][\/et_pb_row][et_pb_row disabled_on=&#8221;off|off|off&#8221; admin_label=&#8221;Social Media&#8221; _builder_version=&#8221;3.25&#8243; custom_margin=&#8221;-1px|auto||auto||&#8221;][et_pb_column type=&#8221;4_4&#8243; _builder_version=&#8221;3.25&#8243; custom_padding=&#8221;|||&#8221; custom_padding__hover=&#8221;|||&#8221;][et_pb_social_media_follow _builder_version=&#8221;4.0.3&#8243; text_orientation=&#8221;center&#8221;][et_pb_social_media_follow_network social_network=&#8221;facebook&#8221; url=&#8221;https:\/\/www.facebook.com\/designersusanna&#8221; _builder_version=&#8221;4.0.3&#8243; background_color=&#8221;#fdb467&#8243; custom_margin=&#8221;|8px||8px&#8221; custom_padding=&#8221;14px|14px|14px|14px&#8221; border_radii=&#8221;on|100px|100px|100px|100px&#8221; follow_button=&#8221;off&#8221; url_new_window=&#8221;on&#8221;]facebook[\/et_pb_social_media_follow_network][et_pb_social_media_follow_network social_network=&#8221;instagram&#8221; url=&#8221;http:\/\/instagram.com\/designersusanna_&#8221; _builder_version=&#8221;4.0.3&#8243; background_color=&#8221;#fdb467&#8243; custom_margin=&#8221;|8px||8px&#8221; custom_padding=&#8221;14px|14px|14px|14px&#8221; border_radii=&#8221;on|100px|100px|100px|100px&#8221; follow_button=&#8221;off&#8221; url_new_window=&#8221;on&#8221;]instagram[\/et_pb_social_media_follow_network][\/et_pb_social_media_follow][\/et_pb_column][\/et_pb_row][\/et_pb_section]<\/p>\n","protected":false},"excerpt":{"rendered":"<p>Susanna Tyrv\u00e4inenCeramic- and glassdesigner Susanna Tyrv\u00e4inen, born 1983, lives and works in Pieks\u00e4m\u00e4ki. Her works are combained with clear and unik designlanguage. Tyrv\u00e4inen makes smallseries of everyday ceramics, sculptures and art pieces. Her materials are glass and ceramics. Mouthblown glasses are finnish art handycraft and are made in co-operation with the masterglassblower Kari Alakoski in [&hellip;]<\/p>\n","protected":false},"author":2,"featured_media":0,"parent":0,"menu_order":0,"comment_status":"closed","ping_status":"closed","template":"","meta":{"_et_pb_use_builder":"on","_et_pb_old_content":"","_et_gb_content_width":""},"yoast_head":"<!-- This site is optimized with the Yoast SEO plugin v16.9 - https:\/\/yoast.com\/wordpress\/plugins\/seo\/ -->\n<title>About | Susanna Tyrv&auml;inen Muotoilija<\/title>\n<meta name=\"robots\" content=\"index, follow, max-snippet:-1, max-image-preview:large, max-video-preview:-1\" \/>\n<link rel=\"canonical\" href=\"https:\/\/www.designersusanna.fi\/?page_id=977\" \/>\n<meta property=\"og:locale\" content=\"fi_FI\" \/>\n<meta property=\"og:type\" content=\"article\" \/>\n<meta property=\"og:title\" content=\"About | Susanna Tyrv&auml;inen Muotoilija\" \/>\n<meta property=\"og:description\" content=\"Susanna Tyrv\u00e4inenCeramic- and glassdesigner Susanna Tyrv\u00e4inen, born 1983, lives and works in Pieks\u00e4m\u00e4ki. Her works are combained with clear and unik designlanguage. Tyrv\u00e4inen makes smallseries of everyday ceramics, sculptures and art pieces. Her materials are glass and ceramics. Mouthblown glasses are finnish art handycraft and are made in co-operation with the masterglassblower Kari Alakoski in [&hellip;]\" \/>\n<meta property=\"og:url\" content=\"https:\/\/www.designersusanna.fi\/?page_id=977\" \/>\n<meta property=\"og:site_name\" content=\"Susanna Tyrv&auml;inen Muotoilija\" \/>\n<meta property=\"article:publisher\" content=\"https:\/\/www.facebook.com\/designersusanna\/\" \/>\n<meta property=\"article:modified_time\" content=\"2020-05-08T14:50:58+00:00\" \/>\n<meta name=\"twitter:card\" content=\"summary_large_image\" \/>\n<meta name=\"twitter:label1\" content=\"Arvioitu lukuaika\" \/>\n\t<meta name=\"twitter:data1\" content=\"9 minuuttia\" \/>\n<script type=\"application\/ld+json\" class=\"yoast-schema-graph\">{\"@context\":\"https:\/\/schema.org\",\"@graph\":[{\"@type\":\"Organization\",\"@id\":\"https:\/\/www.designersusanna.fi\/#organization\",\"name\":\"Desinger Susanna Tyrv\\u00e4inen\",\"url\":\"https:\/\/www.designersusanna.fi\/\",\"sameAs\":[\"https:\/\/www.facebook.com\/designersusanna\/\",\"https:\/\/www.instagram.com\/designersusanna_\"],\"logo\":{\"@type\":\"ImageObject\",\"@id\":\"https:\/\/www.designersusanna.fi\/#logo\",\"inLanguage\":\"fi\",\"url\":\"https:\/\/www.designersusanna.fi\/wp-content\/uploads\/2020\/05\/Na\\u0308ytto\\u0308kuva-2020-5-6-kello-12.22.11.png\",\"contentUrl\":\"https:\/\/www.designersusanna.fi\/wp-content\/uploads\/2020\/05\/Na\\u0308ytto\\u0308kuva-2020-5-6-kello-12.22.11.png\",\"width\":1034,\"height\":1034,\"caption\":\"Desinger Susanna Tyrv\\u00e4inen\"},\"image\":{\"@id\":\"https:\/\/www.designersusanna.fi\/#logo\"}},{\"@type\":\"WebSite\",\"@id\":\"https:\/\/www.designersusanna.fi\/#website\",\"url\":\"https:\/\/www.designersusanna.fi\/\",\"name\":\"Susanna Tyrv&auml;inen Muotoilija\",\"description\":\"Susanna Tyrv&auml;inen muotoilija\",\"publisher\":{\"@id\":\"https:\/\/www.designersusanna.fi\/#organization\"},\"potentialAction\":[{\"@type\":\"SearchAction\",\"target\":{\"@type\":\"EntryPoint\",\"urlTemplate\":\"https:\/\/www.designersusanna.fi\/?s={search_term_string}\"},\"query-input\":\"required name=search_term_string\"}],\"inLanguage\":\"fi\"},{\"@type\":\"WebPage\",\"@id\":\"https:\/\/www.designersusanna.fi\/?page_id=977#webpage\",\"url\":\"https:\/\/www.designersusanna.fi\/?page_id=977\",\"name\":\"About | Susanna Tyrv&auml;inen Muotoilija\",\"isPartOf\":{\"@id\":\"https:\/\/www.designersusanna.fi\/#website\"},\"datePublished\":\"2020-05-06T16:50:41+00:00\",\"dateModified\":\"2020-05-08T14:50:58+00:00\",\"breadcrumb\":{\"@id\":\"https:\/\/www.designersusanna.fi\/?page_id=977#breadcrumb\"},\"inLanguage\":\"fi\",\"potentialAction\":[{\"@type\":\"ReadAction\",\"target\":[\"https:\/\/www.designersusanna.fi\/?page_id=977\"]}]},{\"@type\":\"BreadcrumbList\",\"@id\":\"https:\/\/www.designersusanna.fi\/?page_id=977#breadcrumb\",\"itemListElement\":[{\"@type\":\"ListItem\",\"position\":1,\"name\":\"Home\",\"item\":\"https:\/\/www.designersusanna.fi\/\"},{\"@type\":\"ListItem\",\"position\":2,\"name\":\"About\"}]}]}<\/script>\n<!-- \/ Yoast SEO plugin. -->","yoast_head_json":{"title":"About | Susanna Tyrv&auml;inen Muotoilija","robots":{"index":"index","follow":"follow","max-snippet":"max-snippet:-1","max-image-preview":"max-image-preview:large","max-video-preview":"max-video-preview:-1"},"canonical":"https:\/\/www.designersusanna.fi\/?page_id=977","og_locale":"fi_FI","og_type":"article","og_title":"About | Susanna Tyrv&auml;inen Muotoilija","og_description":"Susanna Tyrv\u00e4inenCeramic- and glassdesigner Susanna Tyrv\u00e4inen, born 1983, lives and works in Pieks\u00e4m\u00e4ki. Her works are combained with clear and unik designlanguage. Tyrv\u00e4inen makes smallseries of everyday ceramics, sculptures and art pieces. Her materials are glass and ceramics. Mouthblown glasses are finnish art handycraft and are made in co-operation with the masterglassblower Kari Alakoski in [&hellip;]","og_url":"https:\/\/www.designersusanna.fi\/?page_id=977","og_site_name":"Susanna Tyrv&auml;inen Muotoilija","article_publisher":"https:\/\/www.facebook.com\/designersusanna\/","article_modified_time":"2020-05-08T14:50:58+00:00","twitter_card":"summary_large_image","twitter_misc":{"Arvioitu lukuaika":"9 minuuttia"},"schema":{"@context":"https:\/\/schema.org","@graph":[{"@type":"Organization","@id":"https:\/\/www.designersusanna.fi\/#organization","name":"Desinger Susanna Tyrv\u00e4inen","url":"https:\/\/www.designersusanna.fi\/","sameAs":["https:\/\/www.facebook.com\/designersusanna\/","https:\/\/www.instagram.com\/designersusanna_"],"logo":{"@type":"ImageObject","@id":"https:\/\/www.designersusanna.fi\/#logo","inLanguage":"fi","url":"https:\/\/www.designersusanna.fi\/wp-content\/uploads\/2020\/05\/Na\u0308ytto\u0308kuva-2020-5-6-kello-12.22.11.png","contentUrl":"https:\/\/www.designersusanna.fi\/wp-content\/uploads\/2020\/05\/Na\u0308ytto\u0308kuva-2020-5-6-kello-12.22.11.png","width":1034,"height":1034,"caption":"Desinger Susanna Tyrv\u00e4inen"},"image":{"@id":"https:\/\/www.designersusanna.fi\/#logo"}},{"@type":"WebSite","@id":"https:\/\/www.designersusanna.fi\/#website","url":"https:\/\/www.designersusanna.fi\/","name":"Susanna Tyrv&auml;inen Muotoilija","description":"Susanna Tyrv&auml;inen muotoilija","publisher":{"@id":"https:\/\/www.designersusanna.fi\/#organization"},"potentialAction":[{"@type":"SearchAction","target":{"@type":"EntryPoint","urlTemplate":"https:\/\/www.designersusanna.fi\/?s={search_term_string}"},"query-input":"required name=search_term_string"}],"inLanguage":"fi"},{"@type":"WebPage","@id":"https:\/\/www.designersusanna.fi\/?page_id=977#webpage","url":"https:\/\/www.designersusanna.fi\/?page_id=977","name":"About | Susanna Tyrv&auml;inen Muotoilija","isPartOf":{"@id":"https:\/\/www.designersusanna.fi\/#website"},"datePublished":"2020-05-06T16:50:41+00:00","dateModified":"2020-05-08T14:50:58+00:00","breadcrumb":{"@id":"https:\/\/www.designersusanna.fi\/?page_id=977#breadcrumb"},"inLanguage":"fi","potentialAction":[{"@type":"ReadAction","target":["https:\/\/www.designersusanna.fi\/?page_id=977"]}]},{"@type":"BreadcrumbList","@id":"https:\/\/www.designersusanna.fi\/?page_id=977#breadcrumb","itemListElement":[{"@type":"ListItem","position":1,"name":"Home","item":"https:\/\/www.designersusanna.fi\/"},{"@type":"ListItem","position":2,"name":"About"}]}]}},"_links":{"self":[{"href":"https:\/\/www.designersusanna.fi\/index.php?rest_route=\/wp\/v2\/pages\/977"}],"collection":[{"href":"https:\/\/www.designersusanna.fi\/index.php?rest_route=\/wp\/v2\/pages"}],"about":[{"href":"https:\/\/www.designersusanna.fi\/index.php?rest_route=\/wp\/v2\/types\/page"}],"author":[{"embeddable":true,"href":"https:\/\/www.designersusanna.fi\/index.php?rest_route=\/wp\/v2\/users\/2"}],"replies":[{"embeddable":true,"href":"https:\/\/www.designersusanna.fi\/index.php?rest_route=%2Fwp%2Fv2%2Fcomments&post=977"}],"version-history":[{"count":24,"href":"https:\/\/www.designersusanna.fi\/index.php?rest_route=\/wp\/v2\/pages\/977\/revisions"}],"predecessor-version":[{"id":1532,"href":"https:\/\/www.designersusanna.fi\/index.php?rest_route=\/wp\/v2\/pages\/977\/revisions\/1532"}],"wp:attachment":[{"href":"https:\/\/www.designersusanna.fi\/index.php?rest_route=%2Fwp%2Fv2%2Fmedia&parent=977"}],"curies":[{"name":"wp","href":"https:\/\/api.w.org\/{rel}","templated":true}]}}