{"id":807,"date":"2020-05-06T10:27:27","date_gmt":"2020-05-06T10:27:27","guid":{"rendered":"https:\/\/www.designersusanna.fi\/?page_id=807"},"modified":"2020-05-06T10:46:09","modified_gmt":"2020-05-06T10:46:09","slug":"privacy-policy-2","status":"publish","type":"page","link":"https:\/\/www.designersusanna.fi\/?page_id=807","title":{"rendered":"Privacy policy"},"content":{"rendered":"<p>[et_pb_section fb_built=&#8221;1&#8243; _builder_version=&#8221;4.4.5&#8243; custom_padding=&#8221;4px|||||&#8221;][et_pb_row _builder_version=&#8221;4.4.5&#8243;][et_pb_column type=&#8221;4_4&#8243; _builder_version=&#8221;4.4.5&#8243;][et_pb_text _builder_version=&#8221;4.4.5&#8243;]<\/p>\n<h1>Ev\u00e4steet verkko\u00adsivuillamme<\/h1>\n<p>&nbsp;<\/p>\n<p>Sivustomme tallentaa p\u00e4\u00e4telaitteellesi ev\u00e4steit\u00e4 eli pieni\u00e4 tekstitiedostoja.<\/p>\n<p>Ev\u00e4steiden avulla pystymme mm. tunnistamaan laitteesi palatessasi verkkosivullemme, muistamaan mieltymyksesi ja valintasi, parantamaan k\u00e4ytt\u00f6kokemustasi sek\u00e4 mukauttamaan markkinointiamme sivuillamme sek\u00e4 mahdollisissa muissa palveluissa.<\/p>\n<p>Ev\u00e4steet ker\u00e4\u00e4v\u00e4t tietoa siit\u00e4, miten k\u00e4ytt\u00e4j\u00e4t k\u00e4ytt\u00e4v\u00e4t verkkosivustoamme (esim. vierailluimmat sivut). Tiedot s\u00e4ilytet\u00e4\u00e4n anonyymein\u00e4 ja niit\u00e4 k\u00e4ytet\u00e4\u00e4n ainoastaan parantamaan nettisivujen toimivuutta.<\/p>\n<p>Jos est\u00e4t ev\u00e4steiden tallennuksen tai poistat ne k\u00e4yt\u00f6st\u00e4, jotkin verkkosivujemme toiminnoista eiv\u00e4t v\u00e4ltt\u00e4m\u00e4tt\u00e4 toimi.<\/p>\n<p>&nbsp;<\/p>\n<h2>Muutamia syit\u00e4 k\u00e4ytt\u00e4\u00e4 ev\u00e4steit\u00e4<\/h2>\n<p>&nbsp;<\/p>\n<ul>\n<li>Ev\u00e4steet, jotka ovat tarpeellisia verkkosivun toiminnan kannalta ja joiden avulla voit k\u00e4ytt\u00e4\u00e4 tarjoamiamme palveluita.<\/li>\n<li>Ev\u00e4steet, jotka ker\u00e4\u00e4v\u00e4t verkkosivustomme k\u00e4ytt\u00f6\u00f6n ja toimintaan liittyvi\u00e4 tietoja. K\u00e4yt\u00e4mme n\u00e4it\u00e4 tietoja kehitt\u00e4\u00e4ksemme verkossa tarjoamiamme tuotteita ja palveluita.<\/li>\n<li>Ev\u00e4steet, joita k\u00e4yt\u00e4mme kokemuksesi r\u00e4\u00e4t\u00e4l\u00f6intiin ja optimointiin verkkosivustollamme. N\u00e4m\u00e4 ev\u00e4steet tallentavat tietoja valinnoistasi kuten tekstin koosta, kielest\u00e4 ja n\u00e4yt\u00f6n resoluutiosta.<\/li>\n<li>Ev\u00e4steet, jotka ovat kolmansien osapuolien asettamia palveluiden parantamista (esim. sosiaalisen median ev\u00e4steet) tai markkinointitarkoituksia varten.<\/li>\n<\/ul>\n<p>[\/et_pb_text][et_pb_text _builder_version=&#8221;4.4.5&#8243; hover_enabled=&#8221;0&#8243;]<\/p>\n<h1>Privacy Policy of Designer Susanna Tyrv\u00e4inen<\/h1>\n<p>Designer Susanna Tyrv\u00e4inen operates the www.designersusanna.fi website, which provides the SERVICE.<\/p>\n<p>This page is used to inform website visitors regarding our policies with the collection, use, and disclosure of Personal Information if anyone decided to use our Service, the designersusanna.fi website.<\/p>\n<p>If you choose to use our Service, then you agree to the collection and use of information in relation with this policy. The Personal Information that we collect are used for providing and improving the Service. We will not use or share your information with anyone except as described in this Privacy Policy.<\/p>\n<p>The terms used in this Privacy Policy have the same meanings as in our Terms and Conditions, which is accessible at www.designersusanna.fi, unless otherwise defined in this Privacy Policy. Our Privacy Policy was created with the help of the <a href=\"https:\/\/www.privacypolicytemplate.net\">Privacy Policy Template<\/a> and the <a href=\"https:\/\/www.disclaimergenerator.org\/\">Disclaimer Generator<\/a>.<\/p>\n<h2>Information Collection and Use<\/h2>\n<p>For a better experience while using our Service, we may require you to provide us with certain personally identifiable information, including but not limited to your name, phone number, and postal address. The information that we collect will be used to contact or identify you.<\/p>\n<h2>Log Data<\/h2>\n<p>We want to inform you that whenever you visit our Service, we collect information that your browser sends to us that is called Log Data. This Log Data may include information such as your computer\u2019s Internet Protocol (&#8220;IP&#8221;) address, browser version, pages of our Service that you visit, the time and date of your visit, the time spent on those pages, and other statistics.<\/p>\n<h2>Cookies<\/h2>\n<p>Cookies are files with small amount of data that is commonly used an anonymous unique identifier. These are sent to your browser from the website that you visit and are stored on your computer\u2019s hard drive.<\/p>\n<p>Our website uses these &#8220;cookies&#8221; to collection information and to improve our Service. You have the option to either accept or refuse these cookies, and know when a cookie is being sent to your computer. If you choose to refuse our cookies, you may not be able to use some portions of our Service.<\/p>\n<p>For more general information on cookies, please read <a href=\"https:\/\/www.cookieconsent.com\/what-are-cookies\/\">&#8220;What Are Cookies&#8221;<\/a>.<\/p>\n<h2>Service Providers<\/h2>\n<p>We may employ third-party companies and individuals due to the following reasons:<\/p>\n<ul>\n<li>To facilitate our Service;<\/li>\n<li>To provide the Service on our behalf;<\/li>\n<li>To perform Service-related services; or<\/li>\n<li>To assist us in analyzing how our Service is used.<\/li>\n<\/ul>\n<p>We want to inform our Service users that these third parties have access to your Personal Information. The reason is to perform the tasks assigned to them on our behalf. However, they are obligated not to disclose or use the information for any other purpose.<\/p>\n<h2>Security<\/h2>\n<p>We value your trust in providing us your Personal Information, thus we are striving to use commercially acceptable means of protecting it. But remember that no method of transmission over the internet, or method of electronic storage is 100% secure and reliable, and we cannot guarantee its absolute security.<\/p>\n<h2>Links to Other Sites<\/h2>\n<p>Our Service may contain links to other sites. If you click on a third-party link, you will be directed to that site. Note that these external sites are not operated by us. Therefore, we strongly advise you to review the Privacy Policy of these websites. We have no control over, and assume no responsibility for the content, privacy policies, or practices of any third-party sites or services.<\/p>\n<p>Children&#8217;s Privacy<\/p>\n<p>Our Services do not address anyone under the age of 13. We do not knowingly collect personal identifiable information from children under 13. In the case we discover that a child under 13 has provided us with personal information, we immediately delete this from our servers. If you are a parent or guardian and you are aware that your child has provided us with personal information, please contact us so that we will be able to do necessary actions.<\/p>\n<h2>Changes to This Privacy Policy<\/h2>\n<p>We may update our Privacy Policy from time to time. Thus, we advise you to review this page periodically for any changes. We will notify you of any changes by posting the new Privacy Policy on this page. These changes are effective immediately, after they are posted on this page.<\/p>\n<h2>Contact Us<\/h2>\n<p>If you have any questions or suggestions about our Privacy Policy, do not hesitate to contact us.<\/p>\n<p>[\/et_pb_text][\/et_pb_column][\/et_pb_row][\/et_pb_section]<\/p>\n","protected":false},"excerpt":{"rendered":"<p>Ev\u00e4steet verkko\u00adsivuillamme &nbsp; Sivustomme tallentaa p\u00e4\u00e4telaitteellesi ev\u00e4steit\u00e4 eli pieni\u00e4 tekstitiedostoja. Ev\u00e4steiden avulla pystymme mm. tunnistamaan laitteesi palatessasi verkkosivullemme, muistamaan mieltymyksesi ja valintasi, parantamaan k\u00e4ytt\u00f6kokemustasi sek\u00e4 mukauttamaan markkinointiamme sivuillamme sek\u00e4 mahdollisissa muissa palveluissa. Ev\u00e4steet ker\u00e4\u00e4v\u00e4t tietoa siit\u00e4, miten k\u00e4ytt\u00e4j\u00e4t k\u00e4ytt\u00e4v\u00e4t verkkosivustoamme (esim. vierailluimmat sivut). Tiedot s\u00e4ilytet\u00e4\u00e4n anonyymein\u00e4 ja niit\u00e4 k\u00e4ytet\u00e4\u00e4n ainoastaan parantamaan nettisivujen toimivuutta. Jos est\u00e4t [&hellip;]<\/p>\n","protected":false},"author":2,"featured_media":0,"parent":0,"menu_order":0,"comment_status":"closed","ping_status":"closed","template":"","meta":{"_et_pb_use_builder":"on","_et_pb_old_content":"","_et_gb_content_width":""},"yoast_head":"<!-- This site is optimized with the Yoast SEO plugin v16.9 - https:\/\/yoast.com\/wordpress\/plugins\/seo\/ -->\n<title>Privacy policy | Susanna Tyrv&auml;inen Muotoilija<\/title>\n<meta name=\"robots\" content=\"index, follow, max-snippet:-1, max-image-preview:large, max-video-preview:-1\" \/>\n<link rel=\"canonical\" href=\"https:\/\/www.designersusanna.fi\/?page_id=807\" \/>\n<meta property=\"og:locale\" content=\"fi_FI\" \/>\n<meta property=\"og:type\" content=\"article\" \/>\n<meta property=\"og:title\" content=\"Privacy policy | Susanna Tyrv&auml;inen Muotoilija\" \/>\n<meta property=\"og:description\" content=\"Ev\u00e4steet verkko\u00adsivuillamme &nbsp; Sivustomme tallentaa p\u00e4\u00e4telaitteellesi ev\u00e4steit\u00e4 eli pieni\u00e4 tekstitiedostoja. Ev\u00e4steiden avulla pystymme mm. tunnistamaan laitteesi palatessasi verkkosivullemme, muistamaan mieltymyksesi ja valintasi, parantamaan k\u00e4ytt\u00f6kokemustasi sek\u00e4 mukauttamaan markkinointiamme sivuillamme sek\u00e4 mahdollisissa muissa palveluissa. Ev\u00e4steet ker\u00e4\u00e4v\u00e4t tietoa siit\u00e4, miten k\u00e4ytt\u00e4j\u00e4t k\u00e4ytt\u00e4v\u00e4t verkkosivustoamme (esim. vierailluimmat sivut). Tiedot s\u00e4ilytet\u00e4\u00e4n anonyymein\u00e4 ja niit\u00e4 k\u00e4ytet\u00e4\u00e4n ainoastaan parantamaan nettisivujen toimivuutta. Jos est\u00e4t [&hellip;]\" \/>\n<meta property=\"og:url\" content=\"https:\/\/www.designersusanna.fi\/?page_id=807\" \/>\n<meta property=\"og:site_name\" content=\"Susanna Tyrv&auml;inen Muotoilija\" \/>\n<meta property=\"article:publisher\" content=\"https:\/\/www.facebook.com\/designersusanna\/\" \/>\n<meta property=\"article:modified_time\" content=\"2020-05-06T10:46:09+00:00\" \/>\n<meta name=\"twitter:card\" content=\"summary_large_image\" \/>\n<meta name=\"twitter:label1\" content=\"Arvioitu lukuaika\" \/>\n\t<meta name=\"twitter:data1\" content=\"5 minuuttia\" \/>\n<script type=\"application\/ld+json\" class=\"yoast-schema-graph\">{\"@context\":\"https:\/\/schema.org\",\"@graph\":[{\"@type\":\"Organization\",\"@id\":\"https:\/\/www.designersusanna.fi\/#organization\",\"name\":\"Desinger Susanna Tyrv\\u00e4inen\",\"url\":\"https:\/\/www.designersusanna.fi\/\",\"sameAs\":[\"https:\/\/www.facebook.com\/designersusanna\/\",\"https:\/\/www.instagram.com\/designersusanna_\"],\"logo\":{\"@type\":\"ImageObject\",\"@id\":\"https:\/\/www.designersusanna.fi\/#logo\",\"inLanguage\":\"fi\",\"url\":\"https:\/\/www.designersusanna.fi\/wp-content\/uploads\/2020\/05\/Na\\u0308ytto\\u0308kuva-2020-5-6-kello-12.22.11.png\",\"contentUrl\":\"https:\/\/www.designersusanna.fi\/wp-content\/uploads\/2020\/05\/Na\\u0308ytto\\u0308kuva-2020-5-6-kello-12.22.11.png\",\"width\":1034,\"height\":1034,\"caption\":\"Desinger Susanna Tyrv\\u00e4inen\"},\"image\":{\"@id\":\"https:\/\/www.designersusanna.fi\/#logo\"}},{\"@type\":\"WebSite\",\"@id\":\"https:\/\/www.designersusanna.fi\/#website\",\"url\":\"https:\/\/www.designersusanna.fi\/\",\"name\":\"Susanna Tyrv&auml;inen Muotoilija\",\"description\":\"Susanna Tyrv&auml;inen muotoilija\",\"publisher\":{\"@id\":\"https:\/\/www.designersusanna.fi\/#organization\"},\"potentialAction\":[{\"@type\":\"SearchAction\",\"target\":{\"@type\":\"EntryPoint\",\"urlTemplate\":\"https:\/\/www.designersusanna.fi\/?s={search_term_string}\"},\"query-input\":\"required name=search_term_string\"}],\"inLanguage\":\"fi\"},{\"@type\":\"WebPage\",\"@id\":\"https:\/\/www.designersusanna.fi\/?page_id=807#webpage\",\"url\":\"https:\/\/www.designersusanna.fi\/?page_id=807\",\"name\":\"Privacy policy | Susanna Tyrv&auml;inen Muotoilija\",\"isPartOf\":{\"@id\":\"https:\/\/www.designersusanna.fi\/#website\"},\"datePublished\":\"2020-05-06T10:27:27+00:00\",\"dateModified\":\"2020-05-06T10:46:09+00:00\",\"breadcrumb\":{\"@id\":\"https:\/\/www.designersusanna.fi\/?page_id=807#breadcrumb\"},\"inLanguage\":\"fi\",\"potentialAction\":[{\"@type\":\"ReadAction\",\"target\":[\"https:\/\/www.designersusanna.fi\/?page_id=807\"]}]},{\"@type\":\"BreadcrumbList\",\"@id\":\"https:\/\/www.designersusanna.fi\/?page_id=807#breadcrumb\",\"itemListElement\":[{\"@type\":\"ListItem\",\"position\":1,\"name\":\"Home\",\"item\":\"https:\/\/www.designersusanna.fi\/\"},{\"@type\":\"ListItem\",\"position\":2,\"name\":\"Privacy policy\"}]}]}<\/script>\n<!-- \/ Yoast SEO plugin. -->","yoast_head_json":{"title":"Privacy policy | Susanna Tyrv&auml;inen Muotoilija","robots":{"index":"index","follow":"follow","max-snippet":"max-snippet:-1","max-image-preview":"max-image-preview:large","max-video-preview":"max-video-preview:-1"},"canonical":"https:\/\/www.designersusanna.fi\/?page_id=807","og_locale":"fi_FI","og_type":"article","og_title":"Privacy policy | Susanna Tyrv&auml;inen Muotoilija","og_description":"Ev\u00e4steet verkko\u00adsivuillamme &nbsp; Sivustomme tallentaa p\u00e4\u00e4telaitteellesi ev\u00e4steit\u00e4 eli pieni\u00e4 tekstitiedostoja. Ev\u00e4steiden avulla pystymme mm. tunnistamaan laitteesi palatessasi verkkosivullemme, muistamaan mieltymyksesi ja valintasi, parantamaan k\u00e4ytt\u00f6kokemustasi sek\u00e4 mukauttamaan markkinointiamme sivuillamme sek\u00e4 mahdollisissa muissa palveluissa. Ev\u00e4steet ker\u00e4\u00e4v\u00e4t tietoa siit\u00e4, miten k\u00e4ytt\u00e4j\u00e4t k\u00e4ytt\u00e4v\u00e4t verkkosivustoamme (esim. vierailluimmat sivut). Tiedot s\u00e4ilytet\u00e4\u00e4n anonyymein\u00e4 ja niit\u00e4 k\u00e4ytet\u00e4\u00e4n ainoastaan parantamaan nettisivujen toimivuutta. Jos est\u00e4t [&hellip;]","og_url":"https:\/\/www.designersusanna.fi\/?page_id=807","og_site_name":"Susanna Tyrv&auml;inen Muotoilija","article_publisher":"https:\/\/www.facebook.com\/designersusanna\/","article_modified_time":"2020-05-06T10:46:09+00:00","twitter_card":"summary_large_image","twitter_misc":{"Arvioitu lukuaika":"5 minuuttia"},"schema":{"@context":"https:\/\/schema.org","@graph":[{"@type":"Organization","@id":"https:\/\/www.designersusanna.fi\/#organization","name":"Desinger Susanna Tyrv\u00e4inen","url":"https:\/\/www.designersusanna.fi\/","sameAs":["https:\/\/www.facebook.com\/designersusanna\/","https:\/\/www.instagram.com\/designersusanna_"],"logo":{"@type":"ImageObject","@id":"https:\/\/www.designersusanna.fi\/#logo","inLanguage":"fi","url":"https:\/\/www.designersusanna.fi\/wp-content\/uploads\/2020\/05\/Na\u0308ytto\u0308kuva-2020-5-6-kello-12.22.11.png","contentUrl":"https:\/\/www.designersusanna.fi\/wp-content\/uploads\/2020\/05\/Na\u0308ytto\u0308kuva-2020-5-6-kello-12.22.11.png","width":1034,"height":1034,"caption":"Desinger Susanna Tyrv\u00e4inen"},"image":{"@id":"https:\/\/www.designersusanna.fi\/#logo"}},{"@type":"WebSite","@id":"https:\/\/www.designersusanna.fi\/#website","url":"https:\/\/www.designersusanna.fi\/","name":"Susanna Tyrv&auml;inen Muotoilija","description":"Susanna Tyrv&auml;inen muotoilija","publisher":{"@id":"https:\/\/www.designersusanna.fi\/#organization"},"potentialAction":[{"@type":"SearchAction","target":{"@type":"EntryPoint","urlTemplate":"https:\/\/www.designersusanna.fi\/?s={search_term_string}"},"query-input":"required name=search_term_string"}],"inLanguage":"fi"},{"@type":"WebPage","@id":"https:\/\/www.designersusanna.fi\/?page_id=807#webpage","url":"https:\/\/www.designersusanna.fi\/?page_id=807","name":"Privacy policy | Susanna Tyrv&auml;inen Muotoilija","isPartOf":{"@id":"https:\/\/www.designersusanna.fi\/#website"},"datePublished":"2020-05-06T10:27:27+00:00","dateModified":"2020-05-06T10:46:09+00:00","breadcrumb":{"@id":"https:\/\/www.designersusanna.fi\/?page_id=807#breadcrumb"},"inLanguage":"fi","potentialAction":[{"@type":"ReadAction","target":["https:\/\/www.designersusanna.fi\/?page_id=807"]}]},{"@type":"BreadcrumbList","@id":"https:\/\/www.designersusanna.fi\/?page_id=807#breadcrumb","itemListElement":[{"@type":"ListItem","position":1,"name":"Home","item":"https:\/\/www.designersusanna.fi\/"},{"@type":"ListItem","position":2,"name":"Privacy policy"}]}]}},"_links":{"self":[{"href":"https:\/\/www.designersusanna.fi\/index.php?rest_route=\/wp\/v2\/pages\/807"}],"collection":[{"href":"https:\/\/www.designersusanna.fi\/index.php?rest_route=\/wp\/v2\/pages"}],"about":[{"href":"https:\/\/www.designersusanna.fi\/index.php?rest_route=\/wp\/v2\/types\/page"}],"author":[{"embeddable":true,"href":"https:\/\/www.designersusanna.fi\/index.php?rest_route=\/wp\/v2\/users\/2"}],"replies":[{"embeddable":true,"href":"https:\/\/www.designersusanna.fi\/index.php?rest_route=%2Fwp%2Fv2%2Fcomments&post=807"}],"version-history":[{"count":4,"href":"https:\/\/www.designersusanna.fi\/index.php?rest_route=\/wp\/v2\/pages\/807\/revisions"}],"predecessor-version":[{"id":812,"href":"https:\/\/www.designersusanna.fi\/index.php?rest_route=\/wp\/v2\/pages\/807\/revisions\/812"}],"wp:attachment":[{"href":"https:\/\/www.designersusanna.fi\/index.php?rest_route=%2Fwp%2Fv2%2Fmedia&parent=807"}],"curies":[{"name":"wp","href":"https:\/\/api.w.org\/{rel}","templated":true}]}}