{"id":48,"date":"2020-03-19T09:48:37","date_gmt":"2020-03-19T09:48:37","guid":{"rendered":"https:\/\/www.designersusanna.fi\/?page_id=48"},"modified":"2020-05-08T14:32:20","modified_gmt":"2020-05-08T14:32:20","slug":"about","status":"publish","type":"page","link":"https:\/\/www.designersusanna.fi\/?page_id=48","title":{"rendered":"Tietoja"},"content":{"rendered":"<p>[et_pb_section fb_built=&#8221;1&#8243; _builder_version=&#8221;4.4.5&#8243; custom_padding=&#8221;1px||0px|||&#8221;][et_pb_row column_structure=&#8221;1_2,1_2&#8243; use_custom_gutter=&#8221;on&#8221; gutter_width=&#8221;0&#8243; make_equal=&#8221;on&#8221; disabled_on=&#8221;off|off|off&#8221; admin_label=&#8221;About Area&#8221; _builder_version=&#8221;4.4.5&#8243; width=&#8221;100%&#8221; max_width=&#8221;100%&#8221; custom_padding=&#8221;0px||0px|&#8221; use_custom_width=&#8221;on&#8221; width_unit=&#8221;off&#8221; custom_width_percent=&#8221;100%&#8221;][et_pb_column type=&#8221;1_2&#8243; _builder_version=&#8221;4.4.5&#8243; background_image=&#8221;https:\/\/www.designersusanna.fi\/wp-content\/uploads\/2020\/03\/Susanna-Tyrva\u0308inen-Kuva-Jone-Matilainen.jpg&#8221; custom_padding=&#8221;100px|5%|100px|5%|true|false&#8221; custom_padding_tablet=&#8221;380px||380px||true|false&#8221; custom_padding_phone=&#8221;238px||238px||true|false&#8221; custom_padding_last_edited=&#8221;on|desktop&#8221; custom_padding__hover=&#8221;|||&#8221;][et_pb_text _builder_version=&#8221;4.4.5&#8243; hover_enabled=&#8221;0&#8243;][\/et_pb_text][\/et_pb_column][et_pb_column type=&#8221;1_2&#8243; _builder_version=&#8221;4.4.5&#8243; background_color=&#8221;#282624&#8243; custom_padding=&#8221;19%|5%|19%|5%|true|false&#8221; custom_padding__hover=&#8221;|||&#8221;][et_pb_text admin_label=&#8221;Title&#8221; _builder_version=&#8221;3.27.4&#8243; text_font=&#8221;||||||||&#8221; header_font=&#8221;||||||||&#8221; header_2_font=&#8221;Poppins|600|||||||&#8221; header_2_text_align=&#8221;center&#8221; header_2_font_size=&#8221;36px&#8221; header_2_line_height=&#8221;1.2em&#8221; text_orientation=&#8221;center&#8221; background_layout=&#8221;dark&#8221; max_width=&#8221;550px&#8221; module_alignment=&#8221;center&#8221; custom_margin=&#8221;||0px|&#8221; custom_padding=&#8221;|||&#8221; animation_style=&#8221;fade&#8221; locked=&#8221;off&#8221;]<\/p>\n<h2>Susanna Tyrv\u00e4inen<\/h2>\n<p>[\/et_pb_text][et_pb_divider color=&#8221;#fdb467&#8243; divider_position=&#8221;center&#8221; divider_weight=&#8221;3px&#8221; _builder_version=&#8221;3.2&#8243; max_width=&#8221;50px&#8221; module_alignment=&#8221;center&#8221; animation_style=&#8221;slide&#8221; animation_direction=&#8221;top&#8221; animation_intensity_slide=&#8221;10%&#8221; animation_starting_opacity=&#8221;100%&#8221; locked=&#8221;off&#8221;][\/et_pb_divider][et_pb_text _builder_version=&#8221;4.0.3&#8243; text_font=&#8221;Poppins||||||||&#8221; text_text_color=&#8221;rgba(255,255,255,0.7)&#8221; text_font_size=&#8221;18px&#8221; text_line_height=&#8221;1.8em&#8221; link_font=&#8221;||||on|||rgba(253,180,103,0.5)|dotted&#8221; link_text_color=&#8221;rgba(255,255,255,0.7)&#8221; ul_font=&#8221;||||||||&#8221; header_font=&#8221;||||||||&#8221; header_2_font=&#8221;||||||||&#8221; text_orientation=&#8221;center&#8221; max_width=&#8221;570px&#8221; module_alignment=&#8221;center&#8221; custom_margin=&#8221;25px|||&#8221; custom_padding=&#8221;|||&#8221; animation_style=&#8221;fade&#8221; locked=&#8221;off&#8221;]<\/p>\n<p>Vuonna 1983 syntynyt keramiikka- ja lasimuotoilija Susanna Tyrv\u00e4inen asuu ja ty\u00f6skentelee Pieks\u00e4m\u00e4ell\u00e4. H\u00e4nen teoksiaan yhdist\u00e4\u00e4 selke\u00e4 muotokieli ja yksil\u00f6llisyys. Tyrv\u00e4inen tekee piensarjoja k\u00e4ytt\u00f6keramiikkaa, veistoksia ja taide-esineit\u00e4. Materiaaleina h\u00e4n k\u00e4ytt\u00e4\u00e4 lasia ja keramiikkaa. Suupuhalletut lasit ovat suomalaista k\u00e4sity\u00f6t\u00e4 ja tehd\u00e4\u00e4n yhteisty\u00f6ss\u00e4 lasinpuhaltaja mestari Kari Alakosken kanssa Riihim\u00e4ell\u00e4.<\/p>\n<p>[\/et_pb_text][\/et_pb_column][\/et_pb_row][\/et_pb_section][et_pb_section fb_built=&#8221;1&#8243; _builder_version=&#8221;4.4.5&#8243; custom_padding=&#8221;0px||0px|||&#8221;][et_pb_row column_structure=&#8221;1_2,1_2&#8243; use_custom_gutter=&#8221;on&#8221; gutter_width=&#8221;0&#8243; make_equal=&#8221;on&#8221; disabled_on=&#8221;on|on|off&#8221; admin_label=&#8221;Workshops and Events Area&#8221; module_class=&#8221; et_pb_row_fullwidth&#8221; _builder_version=&#8221;4.4.5&#8243; width=&#8221;100%&#8221; width_tablet=&#8221;100%&#8221; width_phone=&#8221;&#8221; width_last_edited=&#8221;on|desktop&#8221; max_width=&#8221;100%&#8221; max_width_tablet=&#8221;100%&#8221; max_width_phone=&#8221;&#8221; max_width_last_edited=&#8221;on|desktop&#8221; custom_margin=&#8221;|auto|7px|auto||&#8221; custom_padding=&#8221;0px||0px|||&#8221; make_fullwidth=&#8221;on&#8221;][et_pb_column type=&#8221;1_2&#8243; _builder_version=&#8221;4.0.3&#8243; background_color=&#8221;#efe9e4&#8243; custom_padding=&#8221;10%|5%|10%|5%&#8221; custom_padding__hover=&#8221;|||&#8221;][et_pb_text _builder_version=&#8221;4.0.3&#8243; header_4_line_height=&#8221;1.7em&#8221; custom_margin=&#8221;-42px|||||&#8221;]<\/p>\n<h2><strong>Susanna Tyrv\u00e4inen<\/strong><\/h2>\n<p><strong><\/strong><\/p>\n<h4 style=\"text-align: left;\">1983<\/h4>\n<p>Pieks\u00e4m\u00e4ki<\/p>\n<h4 style=\"text-align: left;\">Olen vieh\u00e4ttynyt salaisuuksista ja l\u00f6yt\u00e4misen riemusta. Pyrin luomaan t\u00f6ihini kerroksia ja pieni\u00e4 asioita, joita katsoja tai kokija voi yhdistell\u00e4 ja keksi\u00e4. Tuon tarinoita n\u00e4ht\u00e4v\u00e4ksi, visuaaliseen muotoon.<\/h4>\n<h4 style=\"text-align: left;\">P\u00e4\u00e4asiassa materiaalini ovat keramiikka ja lasi. Lasissa kiehtovat v\u00e4rien voimakkuus ja lasin monipuoliset mahdollisuudet keveydest\u00e4 painaviin moniulotteisiin t\u00f6ihin. Lasi paljastaa kaiken ja luo sis\u00e4\u00e4ns\u00e4 uusia kerroksia peilaten ja my\u00f6s v\u00e4\u00e4rist\u00e4en niit\u00e4. Sill\u00e4 on oma nelj\u00e4s ulottuvuutensa. Keramiikka taas materiaalina antaa mahdollisuuden todella upottaa k\u00e4tens\u00e4 ty\u00f6h\u00f6n ja ilmaista monenlaisia muotoja sek\u00e4 pintoja. Erilaisilla materiaaleilla saa ilmennetty\u00e4 enemm\u00e4n, joten niiden yhdisteleminen kulkee taiteessani mukana.<\/h4>\n<h4 style=\"text-align: left;\">Yleens\u00e4 suunnittelen ja toteutan ty\u00f6ni tarkkaan, mutta annan my\u00f6s sattumalle mahdollisuuden. Useat ty\u00f6ni ovat saaneet alkunsa my\u00f6s teknisist\u00e4 l\u00e4ht\u00f6kohdista, joissa mielell\u00e4\u00e4n haastan itse\u00e4ni. Ty\u00f6skentelyni on samaan aikaan jonkinlaista materiaalitutkimusta. Mit\u00e4 voin t\u00e4st\u00e4 materiaalista tehd\u00e4, joka olisi jotain uutta tai ilmaisisi jonkin asian parhaiten?<\/h4>\n<h4 style=\"text-align: left;\">Asioiden takana on aina enemm\u00e4n kuin milt\u00e4 alkuun n\u00e4ytt\u00e4\u00e4. L\u00f6yd\u00e4n innoitusta t\u00f6illeni n\u00e4kem\u00e4st\u00e4ni ja kokemastani jatkuvalla ymp\u00e4rist\u00f6n havainnoinnilla. Ihmisten k\u00e4ytt\u00e4ytyminen, vuorovaikutus ja jatkuva muutos tarjoavat paljon pohdittavaa. Innoittajana voi olla jokin luonnonilmi\u00f6 tai osa siit\u00e4 tai joskus vain yksitt\u00e4inen sana.<\/h4>\n<h4 style=\"text-align: left;\">Haluan ett\u00e4 katsoja saa ajatella, kokea ja tuntea. Tuoda keskelle arkea jaetun kokemuksen huumoria, kipe\u00e4\u00e4 tai muuta oivallusta. Irrottaa ihmisen hetkeksi kiireest\u00e4. Tarjota tauon ja hetken visuaalista mielihyv\u00e4\u00e4.<\/h4>\n<p>[\/et_pb_text][\/et_pb_column][et_pb_column type=&#8221;1_2&#8243; _builder_version=&#8221;4.0.3&#8243; background_image=&#8221;https:\/\/www.designersusanna.fi\/wp-content\/uploads\/2020\/03\/Susanna-Tyrva\u0308inen2-Kuva-Jone-Matilainen.jpg&#8221; background_repeat=&#8221;repeat&#8221; custom_padding=&#8221;|||&#8221; custom_padding__hover=&#8221;|||&#8221;][et_pb_divider show_divider=&#8221;off&#8221; _builder_version=&#8221;3.2&#8243; height=&#8221;400px&#8221; locked=&#8221;off&#8221;][\/et_pb_divider][\/et_pb_column][\/et_pb_row][et_pb_row column_structure=&#8221;1_2,1_2&#8243; use_custom_gutter=&#8221;on&#8221; gutter_width=&#8221;0&#8243; make_equal=&#8221;on&#8221; disabled_on=&#8221;off|off|on&#8221; admin_label=&#8221;Workshops and Events Area&#8221; module_class=&#8221; et_pb_row_fullwidth&#8221; _builder_version=&#8221;4.4.5&#8243; width=&#8221;100%&#8221; width_tablet=&#8221;100%&#8221; width_phone=&#8221;&#8221; width_last_edited=&#8221;on|desktop&#8221; max_width=&#8221;100%&#8221; max_width_tablet=&#8221;100%&#8221; max_width_phone=&#8221;&#8221; max_width_last_edited=&#8221;on|desktop&#8221; custom_margin=&#8221;|auto|7px|auto||&#8221; custom_padding=&#8221;0px||0px|||&#8221; make_fullwidth=&#8221;on&#8221;][et_pb_column type=&#8221;1_2&#8243; _builder_version=&#8221;4.4.5&#8243; background_image=&#8221;https:\/\/www.designersusanna.fi\/wp-content\/uploads\/2020\/03\/Susanna-Tyrva\u0308inen2-Kuva-Jone-Matilainen.jpg&#8221; background_repeat=&#8221;repeat&#8221; custom_padding=&#8221;|||&#8221; custom_padding_tablet=&#8221;100px||100px||true|false&#8221; custom_padding_phone=&#8221;&#8221; custom_padding_last_edited=&#8221;on|tablet&#8221; custom_padding__hover=&#8221;|||&#8221;][et_pb_divider show_divider=&#8221;off&#8221; _builder_version=&#8221;3.2&#8243; height=&#8221;400px&#8221; locked=&#8221;off&#8221;][\/et_pb_divider][\/et_pb_column][et_pb_column type=&#8221;1_2&#8243; _builder_version=&#8221;4.0.3&#8243; background_color=&#8221;#efe9e4&#8243; custom_padding=&#8221;10%|5%|10%|5%&#8221; custom_padding__hover=&#8221;|||&#8221;][et_pb_text _builder_version=&#8221;4.4.5&#8243; header_4_line_height=&#8221;1.7em&#8221; custom_margin=&#8221;-42px|||||&#8221; custom_margin_tablet=&#8221;-27px||||false|false&#8221; custom_margin_phone=&#8221;0px||||false|false&#8221; custom_margin_last_edited=&#8221;on|desktop&#8221;]<\/p>\n<h2><strong>Susanna Tyrv\u00e4inen<\/strong><\/h2>\n<p><strong><\/strong><\/p>\n<h4 style=\"text-align: left;\">1983<\/h4>\n<p>Pieks\u00e4m\u00e4ki<\/p>\n<h4 style=\"text-align: left;\">Olen vieh\u00e4ttynyt salaisuuksista ja l\u00f6yt\u00e4misen riemusta. Pyrin luomaan t\u00f6ihini kerroksia ja pieni\u00e4 asioita, joita katsoja tai kokija voi yhdistell\u00e4 ja keksi\u00e4. Tuon tarinoita n\u00e4ht\u00e4v\u00e4ksi, visuaaliseen muotoon.<\/h4>\n<h4 style=\"text-align: left;\">P\u00e4\u00e4asiassa materiaalini ovat keramiikka ja lasi. Lasissa kiehtovat v\u00e4rien voimakkuus ja lasin monipuoliset mahdollisuudet keveydest\u00e4 painaviin moniulotteisiin t\u00f6ihin. Lasi paljastaa kaiken ja luo sis\u00e4\u00e4ns\u00e4 uusia kerroksia peilaten ja my\u00f6s v\u00e4\u00e4rist\u00e4en niit\u00e4. Sill\u00e4 on oma nelj\u00e4s ulottuvuutensa. Keramiikka taas materiaalina antaa mahdollisuuden todella upottaa k\u00e4tens\u00e4 ty\u00f6h\u00f6n ja ilmaista monenlaisia muotoja sek\u00e4 pintoja. Erilaisilla materiaaleilla saa ilmennetty\u00e4 enemm\u00e4n, joten niiden yhdisteleminen kulkee taiteessani mukana.<\/h4>\n<h4 style=\"text-align: left;\">Yleens\u00e4 suunnittelen ja toteutan ty\u00f6ni tarkkaan, mutta annan my\u00f6s sattumalle mahdollisuuden. Useat ty\u00f6ni ovat saaneet alkunsa my\u00f6s teknisist\u00e4 l\u00e4ht\u00f6kohdista, joissa mielell\u00e4\u00e4n haastan itse\u00e4ni. Ty\u00f6skentelyni on samaan aikaan jonkinlaista materiaalitutkimusta. Mit\u00e4 voin t\u00e4st\u00e4 materiaalista tehd\u00e4, joka olisi jotain uutta tai ilmaisisi jonkin asian parhaiten?<\/h4>\n<h4 style=\"text-align: left;\">Asioiden takana on aina enemm\u00e4n kuin milt\u00e4 alkuun n\u00e4ytt\u00e4\u00e4. L\u00f6yd\u00e4n innoitusta t\u00f6illeni n\u00e4kem\u00e4st\u00e4ni ja kokemastani jatkuvalla ymp\u00e4rist\u00f6n havainnoinnilla. Ihmisten k\u00e4ytt\u00e4ytyminen, vuorovaikutus ja jatkuva muutos tarjoavat paljon pohdittavaa. Innoittajana voi olla jokin luonnonilmi\u00f6 tai osa siit\u00e4 tai joskus vain yksitt\u00e4inen sana.<\/h4>\n<h4 style=\"text-align: left;\">Haluan ett\u00e4 katsoja saa ajatella, kokea ja tuntea. Tuoda keskelle arkea jaetun kokemuksen huumoria, kipe\u00e4\u00e4 tai muuta oivallusta. Irrottaa ihmisen hetkeksi kiireest\u00e4. Tarjota tauon ja hetken visuaalista mielihyv\u00e4\u00e4.<\/h4>\n<p>[\/et_pb_text][\/et_pb_column][\/et_pb_row][\/et_pb_section][et_pb_section fb_built=&#8221;1&#8243; admin_label=&#8221;Footer Section&#8221; _builder_version=&#8221;4.4.5&#8243; background_color=&#8221;#1e1d1c&#8221; transform_scale_last_edited=&#8221;off|tablet&#8221; transform_translate_last_edited=&#8221;off|tablet&#8221; transform_rotate_last_edited=&#8221;off|tablet&#8221; transform_skew_last_edited=&#8221;off|tablet&#8221; transform_origin_last_edited=&#8221;off|tablet&#8221; transform_styles_last_edited=&#8221;off|tablet&#8221; width=&#8221;100%&#8221; max_width=&#8221;100%&#8221; custom_padding=&#8221;29px||29px||true|&#8221; global_module=&#8221;800&#8243; saved_tabs=&#8221;all&#8221; locked=&#8221;off&#8221;][et_pb_row column_structure=&#8221;1_3,1_3,1_3&#8243; admin_label=&#8221;Footer Area&#8221; _builder_version=&#8221;3.25&#8243;][et_pb_column type=&#8221;1_3&#8243; _builder_version=&#8221;3.25&#8243; custom_padding=&#8221;|||&#8221; custom_padding__hover=&#8221;|||&#8221;][et_pb_text ul_type=&#8221;none&#8221; admin_label=&#8221;Title&#8221; _builder_version=&#8221;4.0.3&#8243; text_font=&#8221;Poppins||||||||&#8221; text_text_color=&#8221;rgba(255,255,255,0.7)&#8221; text_font_size=&#8221;16px&#8221; text_line_height=&#8221;1.8em&#8221; ul_font=&#8221;Poppins||||||||&#8221; ul_text_align=&#8221;center&#8221; header_font=&#8221;||||||||&#8221; header_2_font=&#8221;Poppins||||||||&#8221; header_2_text_align=&#8221;center&#8221; header_2_font_size=&#8221;24px&#8221; header_2_line_height=&#8221;1.4em&#8221; text_orientation=&#8221;center&#8221; background_layout=&#8221;dark&#8221; custom_margin=&#8221;||15px|&#8221; custom_padding=&#8221;|||&#8221; animation_style=&#8221;fade&#8221;]<\/p>\n<h2>Studio<\/h2>\n<p>Savontie 39, <br \/>76100 Pieks\u00e4m\u00e4ki<\/p>\n<p>[\/et_pb_text][\/et_pb_column][et_pb_column type=&#8221;1_3&#8243; _builder_version=&#8221;3.25&#8243; custom_padding=&#8221;|||&#8221; custom_padding__hover=&#8221;|||&#8221;][et_pb_text ul_type=&#8221;none&#8221; admin_label=&#8221;Title&#8221; _builder_version=&#8221;4.4.5&#8243; text_font=&#8221;Poppins||||||||&#8221; text_text_color=&#8221;rgba(255,255,255,0.7)&#8221; text_font_size=&#8221;16px&#8221; text_line_height=&#8221;1.8em&#8221; ul_font=&#8221;Poppins||||||||&#8221; ul_text_align=&#8221;center&#8221; header_font=&#8221;||||||||&#8221; header_2_font=&#8221;Poppins||||||||&#8221; header_2_text_align=&#8221;center&#8221; header_2_font_size=&#8221;24px&#8221; header_2_line_height=&#8221;1.4em&#8221; text_orientation=&#8221;center&#8221; background_layout=&#8221;dark&#8221; custom_margin=&#8221;||15px|&#8221; custom_padding=&#8221;|||&#8221; animation_style=&#8221;fade&#8221;]<\/p>\n<h2>Puhelin<\/h2>\n<p><span>050 567 2283<\/span><\/p>\n<p>[\/et_pb_text][\/et_pb_column][et_pb_column type=&#8221;1_3&#8243; _builder_version=&#8221;3.25&#8243; custom_padding=&#8221;|||&#8221; custom_padding__hover=&#8221;|||&#8221;][et_pb_text ul_type=&#8221;none&#8221; admin_label=&#8221;Title&#8221; _builder_version=&#8221;4.4.5&#8243; text_font=&#8221;Poppins||||||||&#8221; text_text_color=&#8221;rgba(255,255,255,0.7)&#8221; text_font_size=&#8221;16px&#8221; text_line_height=&#8221;1.8em&#8221; ul_font=&#8221;Poppins||||||||&#8221; ul_text_align=&#8221;center&#8221; header_font=&#8221;||||||||&#8221; header_2_font=&#8221;Poppins||||||||&#8221; header_2_text_align=&#8221;center&#8221; header_2_font_size=&#8221;24px&#8221; header_2_line_height=&#8221;1.4em&#8221; text_orientation=&#8221;center&#8221; background_layout=&#8221;dark&#8221; custom_margin=&#8221;||15px|&#8221; custom_padding=&#8221;|||&#8221; animation_style=&#8221;fade&#8221;]<\/p>\n<h2>S\u00e4hk\u00f6posti<\/h2>\n<div class=\"_50f4\"><a href=\"mailto:susanna.tyrvainen@gmail.com\" target=\"_blank\" rel=\"noopener noreferrer\">susanna.tyrvainen@gmail.com<\/a><\/div>\n<p style=\"text-align: center;\">[\/et_pb_text][\/et_pb_column][\/et_pb_row][et_pb_row disabled_on=&#8221;off|off|off&#8221; admin_label=&#8221;Social Media&#8221; _builder_version=&#8221;3.25&#8243; custom_margin=&#8221;-1px|auto||auto||&#8221;][et_pb_column type=&#8221;4_4&#8243; _builder_version=&#8221;3.25&#8243; custom_padding=&#8221;|||&#8221; custom_padding__hover=&#8221;|||&#8221;][et_pb_social_media_follow _builder_version=&#8221;4.0.3&#8243; text_orientation=&#8221;center&#8221;][et_pb_social_media_follow_network social_network=&#8221;facebook&#8221; url=&#8221;https:\/\/www.facebook.com\/designersusanna&#8221; _builder_version=&#8221;4.0.3&#8243; background_color=&#8221;#fdb467&#8243; custom_margin=&#8221;|8px||8px&#8221; custom_padding=&#8221;14px|14px|14px|14px&#8221; border_radii=&#8221;on|100px|100px|100px|100px&#8221; follow_button=&#8221;off&#8221; url_new_window=&#8221;on&#8221;]facebook[\/et_pb_social_media_follow_network][et_pb_social_media_follow_network social_network=&#8221;instagram&#8221; url=&#8221;http:\/\/instagram.com\/designersusanna_&#8221; _builder_version=&#8221;4.0.3&#8243; background_color=&#8221;#fdb467&#8243; custom_margin=&#8221;|8px||8px&#8221; custom_padding=&#8221;14px|14px|14px|14px&#8221; border_radii=&#8221;on|100px|100px|100px|100px&#8221; follow_button=&#8221;off&#8221; url_new_window=&#8221;on&#8221;]instagram[\/et_pb_social_media_follow_network][\/et_pb_social_media_follow][\/et_pb_column][\/et_pb_row][\/et_pb_section]<\/p>\n","protected":false},"excerpt":{"rendered":"<p>Susanna Tyrv\u00e4inenVuonna 1983 syntynyt keramiikka- ja lasimuotoilija Susanna Tyrv\u00e4inen asuu ja ty\u00f6skentelee Pieks\u00e4m\u00e4ell\u00e4. H\u00e4nen teoksiaan yhdist\u00e4\u00e4 selke\u00e4 muotokieli ja yksil\u00f6llisyys. Tyrv\u00e4inen tekee piensarjoja k\u00e4ytt\u00f6keramiikkaa, veistoksia ja taide-esineit\u00e4. Materiaaleina h\u00e4n k\u00e4ytt\u00e4\u00e4 lasia ja keramiikkaa. Suupuhalletut lasit ovat suomalaista k\u00e4sity\u00f6t\u00e4 ja tehd\u00e4\u00e4n yhteisty\u00f6ss\u00e4 lasinpuhaltaja mestari Kari Alakosken kanssa Riihim\u00e4ell\u00e4.Susanna Tyrv\u00e4inen 1983 Pieks\u00e4m\u00e4ki Olen vieh\u00e4ttynyt salaisuuksista ja l\u00f6yt\u00e4misen [&hellip;]<\/p>\n","protected":false},"author":2,"featured_media":0,"parent":0,"menu_order":0,"comment_status":"closed","ping_status":"closed","template":"","meta":{"_et_pb_use_builder":"on","_et_pb_old_content":"","_et_gb_content_width":""},"yoast_head":"<!-- This site is optimized with the Yoast SEO plugin v16.9 - https:\/\/yoast.com\/wordpress\/plugins\/seo\/ -->\n<title>Tietoja | Susanna Tyrv&auml;inen Muotoilija<\/title>\n<meta name=\"robots\" content=\"index, follow, max-snippet:-1, max-image-preview:large, max-video-preview:-1\" \/>\n<link rel=\"canonical\" href=\"https:\/\/www.designersusanna.fi\/?page_id=48\" \/>\n<meta property=\"og:locale\" content=\"fi_FI\" \/>\n<meta property=\"og:type\" content=\"article\" \/>\n<meta property=\"og:title\" content=\"Tietoja | Susanna Tyrv&auml;inen Muotoilija\" \/>\n<meta property=\"og:description\" content=\"Susanna Tyrv\u00e4inenVuonna 1983 syntynyt keramiikka- ja lasimuotoilija Susanna Tyrv\u00e4inen asuu ja ty\u00f6skentelee Pieks\u00e4m\u00e4ell\u00e4. H\u00e4nen teoksiaan yhdist\u00e4\u00e4 selke\u00e4 muotokieli ja yksil\u00f6llisyys. Tyrv\u00e4inen tekee piensarjoja k\u00e4ytt\u00f6keramiikkaa, veistoksia ja taide-esineit\u00e4. Materiaaleina h\u00e4n k\u00e4ytt\u00e4\u00e4 lasia ja keramiikkaa. Suupuhalletut lasit ovat suomalaista k\u00e4sity\u00f6t\u00e4 ja tehd\u00e4\u00e4n yhteisty\u00f6ss\u00e4 lasinpuhaltaja mestari Kari Alakosken kanssa Riihim\u00e4ell\u00e4.Susanna Tyrv\u00e4inen 1983 Pieks\u00e4m\u00e4ki Olen vieh\u00e4ttynyt salaisuuksista ja l\u00f6yt\u00e4misen [&hellip;]\" \/>\n<meta property=\"og:url\" content=\"https:\/\/www.designersusanna.fi\/?page_id=48\" \/>\n<meta property=\"og:site_name\" content=\"Susanna Tyrv&auml;inen Muotoilija\" \/>\n<meta property=\"article:publisher\" content=\"https:\/\/www.facebook.com\/designersusanna\/\" \/>\n<meta property=\"article:modified_time\" content=\"2020-05-08T14:32:20+00:00\" \/>\n<meta name=\"twitter:card\" content=\"summary_large_image\" \/>\n<meta name=\"twitter:label1\" content=\"Arvioitu lukuaika\" \/>\n\t<meta name=\"twitter:data1\" content=\"8 minuuttia\" \/>\n<script type=\"application\/ld+json\" class=\"yoast-schema-graph\">{\"@context\":\"https:\/\/schema.org\",\"@graph\":[{\"@type\":\"Organization\",\"@id\":\"https:\/\/www.designersusanna.fi\/#organization\",\"name\":\"Desinger Susanna Tyrv\\u00e4inen\",\"url\":\"https:\/\/www.designersusanna.fi\/\",\"sameAs\":[\"https:\/\/www.facebook.com\/designersusanna\/\",\"https:\/\/www.instagram.com\/designersusanna_\"],\"logo\":{\"@type\":\"ImageObject\",\"@id\":\"https:\/\/www.designersusanna.fi\/#logo\",\"inLanguage\":\"fi\",\"url\":\"https:\/\/www.designersusanna.fi\/wp-content\/uploads\/2020\/05\/Na\\u0308ytto\\u0308kuva-2020-5-6-kello-12.22.11.png\",\"contentUrl\":\"https:\/\/www.designersusanna.fi\/wp-content\/uploads\/2020\/05\/Na\\u0308ytto\\u0308kuva-2020-5-6-kello-12.22.11.png\",\"width\":1034,\"height\":1034,\"caption\":\"Desinger Susanna Tyrv\\u00e4inen\"},\"image\":{\"@id\":\"https:\/\/www.designersusanna.fi\/#logo\"}},{\"@type\":\"WebSite\",\"@id\":\"https:\/\/www.designersusanna.fi\/#website\",\"url\":\"https:\/\/www.designersusanna.fi\/\",\"name\":\"Susanna Tyrv&auml;inen Muotoilija\",\"description\":\"Susanna Tyrv&auml;inen muotoilija\",\"publisher\":{\"@id\":\"https:\/\/www.designersusanna.fi\/#organization\"},\"potentialAction\":[{\"@type\":\"SearchAction\",\"target\":{\"@type\":\"EntryPoint\",\"urlTemplate\":\"https:\/\/www.designersusanna.fi\/?s={search_term_string}\"},\"query-input\":\"required name=search_term_string\"}],\"inLanguage\":\"fi\"},{\"@type\":\"WebPage\",\"@id\":\"https:\/\/www.designersusanna.fi\/?page_id=48#webpage\",\"url\":\"https:\/\/www.designersusanna.fi\/?page_id=48\",\"name\":\"Tietoja | Susanna Tyrv&auml;inen Muotoilija\",\"isPartOf\":{\"@id\":\"https:\/\/www.designersusanna.fi\/#website\"},\"datePublished\":\"2020-03-19T09:48:37+00:00\",\"dateModified\":\"2020-05-08T14:32:20+00:00\",\"breadcrumb\":{\"@id\":\"https:\/\/www.designersusanna.fi\/?page_id=48#breadcrumb\"},\"inLanguage\":\"fi\",\"potentialAction\":[{\"@type\":\"ReadAction\",\"target\":[\"https:\/\/www.designersusanna.fi\/?page_id=48\"]}]},{\"@type\":\"BreadcrumbList\",\"@id\":\"https:\/\/www.designersusanna.fi\/?page_id=48#breadcrumb\",\"itemListElement\":[{\"@type\":\"ListItem\",\"position\":1,\"name\":\"Home\",\"item\":\"https:\/\/www.designersusanna.fi\/\"},{\"@type\":\"ListItem\",\"position\":2,\"name\":\"Tietoja\"}]}]}<\/script>\n<!-- \/ Yoast SEO plugin. -->","yoast_head_json":{"title":"Tietoja | Susanna Tyrv&auml;inen Muotoilija","robots":{"index":"index","follow":"follow","max-snippet":"max-snippet:-1","max-image-preview":"max-image-preview:large","max-video-preview":"max-video-preview:-1"},"canonical":"https:\/\/www.designersusanna.fi\/?page_id=48","og_locale":"fi_FI","og_type":"article","og_title":"Tietoja | Susanna Tyrv&auml;inen Muotoilija","og_description":"Susanna Tyrv\u00e4inenVuonna 1983 syntynyt keramiikka- ja lasimuotoilija Susanna Tyrv\u00e4inen asuu ja ty\u00f6skentelee Pieks\u00e4m\u00e4ell\u00e4. H\u00e4nen teoksiaan yhdist\u00e4\u00e4 selke\u00e4 muotokieli ja yksil\u00f6llisyys. Tyrv\u00e4inen tekee piensarjoja k\u00e4ytt\u00f6keramiikkaa, veistoksia ja taide-esineit\u00e4. Materiaaleina h\u00e4n k\u00e4ytt\u00e4\u00e4 lasia ja keramiikkaa. Suupuhalletut lasit ovat suomalaista k\u00e4sity\u00f6t\u00e4 ja tehd\u00e4\u00e4n yhteisty\u00f6ss\u00e4 lasinpuhaltaja mestari Kari Alakosken kanssa Riihim\u00e4ell\u00e4.Susanna Tyrv\u00e4inen 1983 Pieks\u00e4m\u00e4ki Olen vieh\u00e4ttynyt salaisuuksista ja l\u00f6yt\u00e4misen [&hellip;]","og_url":"https:\/\/www.designersusanna.fi\/?page_id=48","og_site_name":"Susanna Tyrv&auml;inen Muotoilija","article_publisher":"https:\/\/www.facebook.com\/designersusanna\/","article_modified_time":"2020-05-08T14:32:20+00:00","twitter_card":"summary_large_image","twitter_misc":{"Arvioitu lukuaika":"8 minuuttia"},"schema":{"@context":"https:\/\/schema.org","@graph":[{"@type":"Organization","@id":"https:\/\/www.designersusanna.fi\/#organization","name":"Desinger Susanna Tyrv\u00e4inen","url":"https:\/\/www.designersusanna.fi\/","sameAs":["https:\/\/www.facebook.com\/designersusanna\/","https:\/\/www.instagram.com\/designersusanna_"],"logo":{"@type":"ImageObject","@id":"https:\/\/www.designersusanna.fi\/#logo","inLanguage":"fi","url":"https:\/\/www.designersusanna.fi\/wp-content\/uploads\/2020\/05\/Na\u0308ytto\u0308kuva-2020-5-6-kello-12.22.11.png","contentUrl":"https:\/\/www.designersusanna.fi\/wp-content\/uploads\/2020\/05\/Na\u0308ytto\u0308kuva-2020-5-6-kello-12.22.11.png","width":1034,"height":1034,"caption":"Desinger Susanna Tyrv\u00e4inen"},"image":{"@id":"https:\/\/www.designersusanna.fi\/#logo"}},{"@type":"WebSite","@id":"https:\/\/www.designersusanna.fi\/#website","url":"https:\/\/www.designersusanna.fi\/","name":"Susanna Tyrv&auml;inen Muotoilija","description":"Susanna Tyrv&auml;inen muotoilija","publisher":{"@id":"https:\/\/www.designersusanna.fi\/#organization"},"potentialAction":[{"@type":"SearchAction","target":{"@type":"EntryPoint","urlTemplate":"https:\/\/www.designersusanna.fi\/?s={search_term_string}"},"query-input":"required name=search_term_string"}],"inLanguage":"fi"},{"@type":"WebPage","@id":"https:\/\/www.designersusanna.fi\/?page_id=48#webpage","url":"https:\/\/www.designersusanna.fi\/?page_id=48","name":"Tietoja | Susanna Tyrv&auml;inen Muotoilija","isPartOf":{"@id":"https:\/\/www.designersusanna.fi\/#website"},"datePublished":"2020-03-19T09:48:37+00:00","dateModified":"2020-05-08T14:32:20+00:00","breadcrumb":{"@id":"https:\/\/www.designersusanna.fi\/?page_id=48#breadcrumb"},"inLanguage":"fi","potentialAction":[{"@type":"ReadAction","target":["https:\/\/www.designersusanna.fi\/?page_id=48"]}]},{"@type":"BreadcrumbList","@id":"https:\/\/www.designersusanna.fi\/?page_id=48#breadcrumb","itemListElement":[{"@type":"ListItem","position":1,"name":"Home","item":"https:\/\/www.designersusanna.fi\/"},{"@type":"ListItem","position":2,"name":"Tietoja"}]}]}},"_links":{"self":[{"href":"https:\/\/www.designersusanna.fi\/index.php?rest_route=\/wp\/v2\/pages\/48"}],"collection":[{"href":"https:\/\/www.designersusanna.fi\/index.php?rest_route=\/wp\/v2\/pages"}],"about":[{"href":"https:\/\/www.designersusanna.fi\/index.php?rest_route=\/wp\/v2\/types\/page"}],"author":[{"embeddable":true,"href":"https:\/\/www.designersusanna.fi\/index.php?rest_route=\/wp\/v2\/users\/2"}],"replies":[{"embeddable":true,"href":"https:\/\/www.designersusanna.fi\/index.php?rest_route=%2Fwp%2Fv2%2Fcomments&post=48"}],"version-history":[{"count":25,"href":"https:\/\/www.designersusanna.fi\/index.php?rest_route=\/wp\/v2\/pages\/48\/revisions"}],"predecessor-version":[{"id":1521,"href":"https:\/\/www.designersusanna.fi\/index.php?rest_route=\/wp\/v2\/pages\/48\/revisions\/1521"}],"wp:attachment":[{"href":"https:\/\/www.designersusanna.fi\/index.php?rest_route=%2Fwp%2Fv2%2Fmedia&parent=48"}],"curies":[{"name":"wp","href":"https:\/\/api.w.org\/{rel}","templated":true}]}}