{"id":357,"date":"2020-03-31T09:30:06","date_gmt":"2020-03-31T09:30:06","guid":{"rendered":"https:\/\/www.designersusanna.fi\/?page_id=357"},"modified":"2020-05-06T16:14:55","modified_gmt":"2020-05-06T16:14:55","slug":"exhibition-images","status":"publish","type":"page","link":"https:\/\/www.designersusanna.fi\/?page_id=357","title":{"rendered":"N\u00e4yttelykuvia"},"content":{"rendered":"\n\n[et_pb_section fb_built=&#8221;1&#8243; _builder_version=&#8221;4.4.5&#8243; custom_padding=&#8221;0px||0px|||&#8221;][et_pb_row admin_label=&#8221;Class Details Area&#8221; _builder_version=&#8221;4.0.3&#8243; background_color=&#8221;#efe9e4&#8243; width=&#8221;100%&#8221; max_width=&#8221;100%&#8221; custom_padding=&#8221;27px|0px|12px|0px||&#8221;][et_pb_column type=&#8221;4_4&#8243; _builder_version=&#8221;3.25&#8243; custom_padding=&#8221;|||&#8221; custom_padding__hover=&#8221;|||&#8221;][et_pb_text admin_label=&#8221;Title&#8221; _builder_version=&#8221;4.4.5&#8243; text_font=&#8221;||||||||&#8221; header_font=&#8221;||||||||&#8221; header_2_font=&#8221;Poppins|600|||||||&#8221; header_2_text_align=&#8221;center&#8221; header_2_font_size=&#8221;36px&#8221; header_2_line_height=&#8221;1.2em&#8221; custom_margin=&#8221;21px||0px|||&#8221; custom_padding=&#8221;|||&#8221; animation_style=&#8221;fade&#8221; hover_enabled=&#8221;0&#8243;]<h2><strong>N\u00c4YTTELYKUVIA<\/strong><\/h2>\n[\/et_pb_text][et_pb_divider color=&#8221;#fdb467&#8243; divider_position=&#8221;center&#8221; divider_weight=&#8221;3px&#8221; _builder_version=&#8221;3.2&#8243; max_width=&#8221;50px&#8221; module_alignment=&#8221;center&#8221; animation_style=&#8221;slide&#8221; animation_direction=&#8221;top&#8221; animation_intensity_slide=&#8221;10%&#8221; animation_starting_opacity=&#8221;100%&#8221;][\/et_pb_divider][\/et_pb_column][\/et_pb_row][\/et_pb_section][et_pb_section fb_built=&#8221;1&#8243; admin_label=&#8221;Gallery Section &#8221; _builder_version=&#8221;4.4.5&#8243; background_color=&#8221;#1e1d1c&#8221; custom_padding=&#8221;0px||0px|||&#8221;][et_pb_row use_custom_gutter=&#8221;on&#8221; gutter_width=&#8221;1&#8243; make_equal=&#8221;on&#8221; _builder_version=&#8221;4.4.5&#8243; width=&#8221;100%&#8221; max_width=&#8221;100%&#8221; custom_padding=&#8221;0px||||false|false&#8221;][et_pb_column type=&#8221;4_4&#8243; _builder_version=&#8221;4.4.5&#8243; custom_padding=&#8221;0px||0px||true|false&#8221;][et_pb_gallery gallery_ids=&#8221;386,385,384,383,382,381,380,379,378,377,376,375,374,373,372,371,370,369,368,367,366,365,364,363&#8243; posts_number=&#8221;24&#8243; show_title_and_caption=&#8221;off&#8221; show_pagination=&#8221;off&#8221; zoom_icon_color=&#8221;rgba(53,53,53,0.32)&#8221; hover_overlay_color=&#8221;rgba(255,255,255,0.41)&#8221; _builder_version=&#8221;4.4.5&#8243; custom_margin=&#8221;||||false|false&#8221; custom_padding=&#8221;0px||||false|false&#8221; border_radii=&#8221;on|1px|1px|1px|1px&#8221; border_color_all=&#8221;#000000&#8243; border_width_top=&#8221;10px&#8221; border_color_top=&#8221;rgba(0,0,0,0)&#8221; box_shadow_style_image=&#8221;preset1&#8243; min_height__hover_enabled=&#8221;off|desktop&#8221;][\/et_pb_gallery][\/et_pb_column][\/et_pb_row][\/et_pb_section][et_pb_section fb_built=&#8221;1&#8243; admin_label=&#8221;Footer Section&#8221; _builder_version=&#8221;3.22&#8243; background_color=&#8221;#1e1d1c&#8221; custom_padding=&#8221;29px||29px||true|&#8221; global_module=&#8221;800&#8243; saved_tabs=&#8221;all&#8221; locked=&#8221;off&#8221;][et_pb_row column_structure=&#8221;1_3,1_3,1_3&#8243; admin_label=&#8221;Footer Area&#8221; _builder_version=&#8221;3.25&#8243;][et_pb_column type=&#8221;1_3&#8243; _builder_version=&#8221;3.25&#8243; custom_padding=&#8221;|||&#8221; custom_padding__hover=&#8221;|||&#8221;][et_pb_text ul_type=&#8221;none&#8221; admin_label=&#8221;Title&#8221; _builder_version=&#8221;4.0.3&#8243; text_font=&#8221;Poppins||||||||&#8221; text_text_color=&#8221;rgba(255,255,255,0.7)&#8221; text_font_size=&#8221;16px&#8221; text_line_height=&#8221;1.8em&#8221; ul_font=&#8221;Poppins||||||||&#8221; ul_text_align=&#8221;center&#8221; header_font=&#8221;||||||||&#8221; header_2_font=&#8221;Poppins||||||||&#8221; header_2_text_align=&#8221;center&#8221; header_2_font_size=&#8221;24px&#8221; header_2_line_height=&#8221;1.4em&#8221; text_orientation=&#8221;center&#8221; background_layout=&#8221;dark&#8221; custom_margin=&#8221;||15px|&#8221; custom_padding=&#8221;|||&#8221; animation_style=&#8221;fade&#8221;]<h2>Studio<\/h2>\n<p>Savontie 39, <br \/>76100 Pieks\u00e4m\u00e4ki<\/p>[\/et_pb_text][\/et_pb_column][et_pb_column type=&#8221;1_3&#8243; _builder_version=&#8221;3.25&#8243; custom_padding=&#8221;|||&#8221; custom_padding__hover=&#8221;|||&#8221;][et_pb_text ul_type=&#8221;none&#8221; admin_label=&#8221;Title&#8221; _builder_version=&#8221;4.4.5&#8243; text_font=&#8221;Poppins||||||||&#8221; text_text_color=&#8221;rgba(255,255,255,0.7)&#8221; text_font_size=&#8221;16px&#8221; text_line_height=&#8221;1.8em&#8221; ul_font=&#8221;Poppins||||||||&#8221; ul_text_align=&#8221;center&#8221; header_font=&#8221;||||||||&#8221; header_2_font=&#8221;Poppins||||||||&#8221; header_2_text_align=&#8221;center&#8221; header_2_font_size=&#8221;24px&#8221; header_2_line_height=&#8221;1.4em&#8221; text_orientation=&#8221;center&#8221; background_layout=&#8221;dark&#8221; custom_margin=&#8221;||15px|&#8221; custom_padding=&#8221;|||&#8221; animation_style=&#8221;fade&#8221;]<h2>Puhelin<\/h2>\n<p><span>050 567 2283<\/span><\/p>[\/et_pb_text][\/et_pb_column][et_pb_column type=&#8221;1_3&#8243; _builder_version=&#8221;3.25&#8243; custom_padding=&#8221;|||&#8221; custom_padding__hover=&#8221;|||&#8221;][et_pb_text ul_type=&#8221;none&#8221; admin_label=&#8221;Title&#8221; _builder_version=&#8221;4.4.5&#8243; text_font=&#8221;Poppins||||||||&#8221; text_text_color=&#8221;rgba(255,255,255,0.7)&#8221; text_font_size=&#8221;16px&#8221; text_line_height=&#8221;1.8em&#8221; ul_font=&#8221;Poppins||||||||&#8221; ul_text_align=&#8221;center&#8221; header_font=&#8221;||||||||&#8221; header_2_font=&#8221;Poppins||||||||&#8221; header_2_text_align=&#8221;center&#8221; header_2_font_size=&#8221;24px&#8221; header_2_line_height=&#8221;1.4em&#8221; text_orientation=&#8221;center&#8221; background_layout=&#8221;dark&#8221; custom_margin=&#8221;||15px|&#8221; custom_padding=&#8221;|||&#8221; animation_style=&#8221;fade&#8221;]<h2>S\u00e4hk\u00f6posti<\/h2>\n<div class=\"_50f4\"><a href=\"mailto:susanna.tyrvainen@gmail.com\" target=\"_blank\" rel=\"noopener noreferrer\">susanna.tyrvainen@gmail.com<\/a><\/div>\n<p style=\"text-align: center;\">[\/et_pb_text][\/et_pb_column][\/et_pb_row][et_pb_row disabled_on=&#8221;off|off|off&#8221; admin_label=&#8221;Social Media&#8221; _builder_version=&#8221;3.25&#8243; custom_margin=&#8221;-1px|auto||auto||&#8221;][et_pb_column type=&#8221;4_4&#8243; _builder_version=&#8221;3.25&#8243; custom_padding=&#8221;|||&#8221; custom_padding__hover=&#8221;|||&#8221;][et_pb_social_media_follow _builder_version=&#8221;4.0.3&#8243; text_orientation=&#8221;center&#8221;][et_pb_social_media_follow_network social_network=&#8221;facebook&#8221; url=&#8221;https:\/\/www.facebook.com\/designersusanna&#8221; _builder_version=&#8221;4.0.3&#8243; background_color=&#8221;#fdb467&#8243; custom_margin=&#8221;|8px||8px&#8221; custom_padding=&#8221;14px|14px|14px|14px&#8221; border_radii=&#8221;on|100px|100px|100px|100px&#8221; follow_button=&#8221;off&#8221; url_new_window=&#8221;on&#8221;]facebook[\/et_pb_social_media_follow_network][et_pb_social_media_follow_network social_network=&#8221;instagram&#8221; url=&#8221;http:\/\/instagram.com\/designersusanna_&#8221; _builder_version=&#8221;4.0.3&#8243; background_color=&#8221;#fdb467&#8243; custom_margin=&#8221;|8px||8px&#8221; custom_padding=&#8221;14px|14px|14px|14px&#8221; border_radii=&#8221;on|100px|100px|100px|100px&#8221; follow_button=&#8221;off&#8221; url_new_window=&#8221;on&#8221;]instagram[\/et_pb_social_media_follow_network][\/et_pb_social_media_follow][\/et_pb_column][\/et_pb_row][\/et_pb_section]\n\n","protected":false},"excerpt":{"rendered":"<p>N\u00c4YTTELYKUVIA Studio Savontie 39, 76100 Pieks\u00e4m\u00e4kiPuhelin 050 567 2283S\u00e4hk\u00f6posti susanna.tyrvainen@gmail.com<\/p>\n","protected":false},"author":2,"featured_media":0,"parent":0,"menu_order":0,"comment_status":"closed","ping_status":"closed","template":"","meta":{"_et_pb_use_builder":"on","_et_pb_old_content":"","_et_gb_content_width":""},"yoast_head":"<!-- This site is optimized with the Yoast SEO plugin v16.9 - https:\/\/yoast.com\/wordpress\/plugins\/seo\/ -->\n<title>N\u00e4yttelykuvia | Susanna Tyrv&auml;inen Muotoilija<\/title>\n<meta name=\"robots\" content=\"index, follow, max-snippet:-1, max-image-preview:large, max-video-preview:-1\" \/>\n<link rel=\"canonical\" href=\"https:\/\/www.designersusanna.fi\/?page_id=357\" \/>\n<meta property=\"og:locale\" content=\"fi_FI\" \/>\n<meta property=\"og:type\" content=\"article\" \/>\n<meta property=\"og:title\" content=\"N\u00e4yttelykuvia | Susanna Tyrv&auml;inen Muotoilija\" \/>\n<meta property=\"og:description\" content=\"N\u00c4YTTELYKUVIA Studio Savontie 39, 76100 Pieks\u00e4m\u00e4kiPuhelin 050 567 2283S\u00e4hk\u00f6posti susanna.tyrvainen@gmail.com\" \/>\n<meta property=\"og:url\" content=\"https:\/\/www.designersusanna.fi\/?page_id=357\" \/>\n<meta property=\"og:site_name\" content=\"Susanna Tyrv&auml;inen Muotoilija\" \/>\n<meta property=\"article:publisher\" content=\"https:\/\/www.facebook.com\/designersusanna\/\" \/>\n<meta property=\"article:modified_time\" content=\"2020-05-06T16:14:55+00:00\" \/>\n<meta name=\"twitter:card\" content=\"summary_large_image\" \/>\n<meta name=\"twitter:label1\" content=\"Arvioitu lukuaika\" \/>\n\t<meta name=\"twitter:data1\" content=\"4 minuuttia\" \/>\n<script type=\"application\/ld+json\" class=\"yoast-schema-graph\">{\"@context\":\"https:\/\/schema.org\",\"@graph\":[{\"@type\":\"Organization\",\"@id\":\"https:\/\/www.designersusanna.fi\/#organization\",\"name\":\"Desinger Susanna Tyrv\\u00e4inen\",\"url\":\"https:\/\/www.designersusanna.fi\/\",\"sameAs\":[\"https:\/\/www.facebook.com\/designersusanna\/\",\"https:\/\/www.instagram.com\/designersusanna_\"],\"logo\":{\"@type\":\"ImageObject\",\"@id\":\"https:\/\/www.designersusanna.fi\/#logo\",\"inLanguage\":\"fi\",\"url\":\"https:\/\/www.designersusanna.fi\/wp-content\/uploads\/2020\/05\/Na\\u0308ytto\\u0308kuva-2020-5-6-kello-12.22.11.png\",\"contentUrl\":\"https:\/\/www.designersusanna.fi\/wp-content\/uploads\/2020\/05\/Na\\u0308ytto\\u0308kuva-2020-5-6-kello-12.22.11.png\",\"width\":1034,\"height\":1034,\"caption\":\"Desinger Susanna Tyrv\\u00e4inen\"},\"image\":{\"@id\":\"https:\/\/www.designersusanna.fi\/#logo\"}},{\"@type\":\"WebSite\",\"@id\":\"https:\/\/www.designersusanna.fi\/#website\",\"url\":\"https:\/\/www.designersusanna.fi\/\",\"name\":\"Susanna Tyrv&auml;inen Muotoilija\",\"description\":\"Susanna Tyrv&auml;inen muotoilija\",\"publisher\":{\"@id\":\"https:\/\/www.designersusanna.fi\/#organization\"},\"potentialAction\":[{\"@type\":\"SearchAction\",\"target\":{\"@type\":\"EntryPoint\",\"urlTemplate\":\"https:\/\/www.designersusanna.fi\/?s={search_term_string}\"},\"query-input\":\"required name=search_term_string\"}],\"inLanguage\":\"fi\"},{\"@type\":\"WebPage\",\"@id\":\"https:\/\/www.designersusanna.fi\/?page_id=357#webpage\",\"url\":\"https:\/\/www.designersusanna.fi\/?page_id=357\",\"name\":\"N\\u00e4yttelykuvia | Susanna Tyrv&auml;inen Muotoilija\",\"isPartOf\":{\"@id\":\"https:\/\/www.designersusanna.fi\/#website\"},\"datePublished\":\"2020-03-31T09:30:06+00:00\",\"dateModified\":\"2020-05-06T16:14:55+00:00\",\"breadcrumb\":{\"@id\":\"https:\/\/www.designersusanna.fi\/?page_id=357#breadcrumb\"},\"inLanguage\":\"fi\",\"potentialAction\":[{\"@type\":\"ReadAction\",\"target\":[\"https:\/\/www.designersusanna.fi\/?page_id=357\"]}]},{\"@type\":\"BreadcrumbList\",\"@id\":\"https:\/\/www.designersusanna.fi\/?page_id=357#breadcrumb\",\"itemListElement\":[{\"@type\":\"ListItem\",\"position\":1,\"name\":\"Home\",\"item\":\"https:\/\/www.designersusanna.fi\/\"},{\"@type\":\"ListItem\",\"position\":2,\"name\":\"N\\u00e4yttelykuvia\"}]}]}<\/script>\n<!-- \/ Yoast SEO plugin. -->","yoast_head_json":{"title":"N\u00e4yttelykuvia | Susanna Tyrv&auml;inen Muotoilija","robots":{"index":"index","follow":"follow","max-snippet":"max-snippet:-1","max-image-preview":"max-image-preview:large","max-video-preview":"max-video-preview:-1"},"canonical":"https:\/\/www.designersusanna.fi\/?page_id=357","og_locale":"fi_FI","og_type":"article","og_title":"N\u00e4yttelykuvia | Susanna Tyrv&auml;inen Muotoilija","og_description":"N\u00c4YTTELYKUVIA Studio Savontie 39, 76100 Pieks\u00e4m\u00e4kiPuhelin 050 567 2283S\u00e4hk\u00f6posti susanna.tyrvainen@gmail.com","og_url":"https:\/\/www.designersusanna.fi\/?page_id=357","og_site_name":"Susanna Tyrv&auml;inen Muotoilija","article_publisher":"https:\/\/www.facebook.com\/designersusanna\/","article_modified_time":"2020-05-06T16:14:55+00:00","twitter_card":"summary_large_image","twitter_misc":{"Arvioitu lukuaika":"4 minuuttia"},"schema":{"@context":"https:\/\/schema.org","@graph":[{"@type":"Organization","@id":"https:\/\/www.designersusanna.fi\/#organization","name":"Desinger Susanna Tyrv\u00e4inen","url":"https:\/\/www.designersusanna.fi\/","sameAs":["https:\/\/www.facebook.com\/designersusanna\/","https:\/\/www.instagram.com\/designersusanna_"],"logo":{"@type":"ImageObject","@id":"https:\/\/www.designersusanna.fi\/#logo","inLanguage":"fi","url":"https:\/\/www.designersusanna.fi\/wp-content\/uploads\/2020\/05\/Na\u0308ytto\u0308kuva-2020-5-6-kello-12.22.11.png","contentUrl":"https:\/\/www.designersusanna.fi\/wp-content\/uploads\/2020\/05\/Na\u0308ytto\u0308kuva-2020-5-6-kello-12.22.11.png","width":1034,"height":1034,"caption":"Desinger Susanna Tyrv\u00e4inen"},"image":{"@id":"https:\/\/www.designersusanna.fi\/#logo"}},{"@type":"WebSite","@id":"https:\/\/www.designersusanna.fi\/#website","url":"https:\/\/www.designersusanna.fi\/","name":"Susanna Tyrv&auml;inen Muotoilija","description":"Susanna Tyrv&auml;inen muotoilija","publisher":{"@id":"https:\/\/www.designersusanna.fi\/#organization"},"potentialAction":[{"@type":"SearchAction","target":{"@type":"EntryPoint","urlTemplate":"https:\/\/www.designersusanna.fi\/?s={search_term_string}"},"query-input":"required name=search_term_string"}],"inLanguage":"fi"},{"@type":"WebPage","@id":"https:\/\/www.designersusanna.fi\/?page_id=357#webpage","url":"https:\/\/www.designersusanna.fi\/?page_id=357","name":"N\u00e4yttelykuvia | Susanna Tyrv&auml;inen Muotoilija","isPartOf":{"@id":"https:\/\/www.designersusanna.fi\/#website"},"datePublished":"2020-03-31T09:30:06+00:00","dateModified":"2020-05-06T16:14:55+00:00","breadcrumb":{"@id":"https:\/\/www.designersusanna.fi\/?page_id=357#breadcrumb"},"inLanguage":"fi","potentialAction":[{"@type":"ReadAction","target":["https:\/\/www.designersusanna.fi\/?page_id=357"]}]},{"@type":"BreadcrumbList","@id":"https:\/\/www.designersusanna.fi\/?page_id=357#breadcrumb","itemListElement":[{"@type":"ListItem","position":1,"name":"Home","item":"https:\/\/www.designersusanna.fi\/"},{"@type":"ListItem","position":2,"name":"N\u00e4yttelykuvia"}]}]}},"_links":{"self":[{"href":"https:\/\/www.designersusanna.fi\/index.php?rest_route=\/wp\/v2\/pages\/357"}],"collection":[{"href":"https:\/\/www.designersusanna.fi\/index.php?rest_route=\/wp\/v2\/pages"}],"about":[{"href":"https:\/\/www.designersusanna.fi\/index.php?rest_route=\/wp\/v2\/types\/page"}],"author":[{"embeddable":true,"href":"https:\/\/www.designersusanna.fi\/index.php?rest_route=\/wp\/v2\/users\/2"}],"replies":[{"embeddable":true,"href":"https:\/\/www.designersusanna.fi\/index.php?rest_route=%2Fwp%2Fv2%2Fcomments&post=357"}],"version-history":[{"count":16,"href":"https:\/\/www.designersusanna.fi\/index.php?rest_route=\/wp\/v2\/pages\/357\/revisions"}],"predecessor-version":[{"id":1737,"href":"https:\/\/www.designersusanna.fi\/index.php?rest_route=\/wp\/v2\/pages\/357\/revisions\/1737"}],"wp:attachment":[{"href":"https:\/\/www.designersusanna.fi\/index.php?rest_route=%2Fwp%2Fv2%2Fmedia&parent=357"}],"curies":[{"name":"wp","href":"https:\/\/api.w.org\/{rel}","templated":true}]}}