{"id":33,"date":"2020-03-19T09:10:50","date_gmt":"2020-03-19T09:10:50","guid":{"rendered":"https:\/\/www.designersusanna.fi\/?page_id=33"},"modified":"2021-05-14T06:07:43","modified_gmt":"2021-05-14T06:07:43","slug":"exhibitions","status":"publish","type":"page","link":"https:\/\/www.designersusanna.fi\/?page_id=33","title":{"rendered":"N\u00e4yttelyt"},"content":{"rendered":"<p>[et_pb_section fb_built=&#8221;1&#8243; admin_label=&#8221;Class Details Section&#8221; _builder_version=&#8221;3.22&#8243; background_color=&#8221;#efe9e4&#8243; custom_padding=&#8221;69px||90px|||&#8221;][et_pb_row admin_label=&#8221;Class Details Area&#8221; _builder_version=&#8221;3.25&#8243; custom_padding=&#8221;27px|0px|12px|0px||&#8221;][et_pb_column type=&#8221;4_4&#8243; _builder_version=&#8221;3.25&#8243; custom_padding=&#8221;|||&#8221; custom_padding__hover=&#8221;|||&#8221;][et_pb_text admin_label=&#8221;Title&#8221; _builder_version=&#8221;4.4.5&#8243; text_font=&#8221;||||||||&#8221; header_font=&#8221;||||||||&#8221; header_2_font=&#8221;Poppins|600|||||||&#8221; header_2_text_align=&#8221;center&#8221; header_2_font_size=&#8221;36px&#8221; header_2_line_height=&#8221;1.2em&#8221; custom_margin=&#8221;||0px|&#8221; custom_padding=&#8221;|||&#8221; animation_style=&#8221;fade&#8221;]<\/p>\n<h2><strong>N\u00c4YTTELYT<\/strong><\/h2>\n<p>[\/et_pb_text][et_pb_divider color=&#8221;#fdb467&#8243; divider_position=&#8221;center&#8221; divider_weight=&#8221;3px&#8221; _builder_version=&#8221;3.2&#8243; max_width=&#8221;50px&#8221; module_alignment=&#8221;center&#8221; animation_style=&#8221;slide&#8221; animation_direction=&#8221;top&#8221; animation_intensity_slide=&#8221;10%&#8221; animation_starting_opacity=&#8221;100%&#8221;][\/et_pb_divider][\/et_pb_column][\/et_pb_row][et_pb_row make_equal=&#8221;on&#8221; _builder_version=&#8221;4.4.5&#8243; background_color=&#8221;#282624&#8243; background_enable_image=&#8221;off&#8221; width=&#8221;100%&#8221; max_width=&#8221;60%&#8221; max_width_tablet=&#8221;100%&#8221; max_width_phone=&#8221;&#8221; max_width_last_edited=&#8221;on|phone&#8221; custom_margin=&#8221;10px||||false|false&#8221; custom_padding=&#8221;0%|5%|0%|5%|true|true&#8221;][et_pb_column type=&#8221;4_4&#8243; _builder_version=&#8221;4.0.3&#8243;][et_pb_text _builder_version=&#8221;4.6.1&#8243; header_4_font=&#8221;|||on|||||&#8221; header_4_line_height=&#8221;1.7em&#8221; background_layout=&#8221;dark&#8221; custom_padding=&#8221;7px|||||&#8221; hover_enabled=&#8221;0&#8243; sticky_enabled=&#8221;0&#8243;]<\/p>\n<h4><strong>Yksityiset n\u00e4yttelyt<\/strong><\/h4>\n<p><strong><\/strong><\/p>\n<p>2017\u00a0\u00a0\u00a0\u00a0\u00a0\u00a0\u00a0\u00a0\u00a0\u00a0\u00a0\u00a0\u00a0 Vihre\u00e4 kyynel II \u2013Heijastuksia, Iso-Pappila, Pieks\u00e4m\u00e4ki<\/p>\n<p>2016\u00a0\u00a0\u00a0\u00a0\u00a0\u00a0\u00a0\u00a0\u00a0\u00a0\u00a0\u00a0\u00a0 Vihre\u00e4 kyynel, Galleria Mafka &amp; Alakoski, Iso-Robertinkatu 19, Helsinki<\/p>\n<h4><strong>Yhteiset n\u00e4yttelyt<br \/> <\/strong><\/h4>\n<p>2021\u00a0\u00a0\u00a0\u00a0\u00a0\u00a0\u00a0\u00a0\u00a0\u00a0\u00a0\u00a0\u00a0 Kuudes aisti, Galleria Fogga, Helsinki<\/p>\n<p>2021\u00a0\u00a0\u00a0\u00a0\u00a0\u00a0\u00a0\u00a0\u00a0\u00a0\u00a0\u00a0\u00a0 20&#215;20, Spirit of spring, Galleria Kookos, Helsinki<\/p>\n<p>2020\u00a0 \u00a0 \u00a0 \u00a0 \u00a0 \u00a0\u00a0 Ceramega, Voipaalan taidekeskus, Valkeakoski<\/p>\n<p>2020\u00a0\u00a0\u00a0\u00a0\u00a0\u00a0\u00a0\u00a0\u00a0\u00a0\u00a0\u00a0 Kes\u00e4y\u00f6n unelmia, Kulttuurikeskus Poleeni<\/p>\n<p>2020\u00a0\u00a0\u00a0\u00a0\u00a0\u00a0\u00a0\u00a0\u00a0\u00a0\u00a0\u00a0 20&#215;20, Galleria LUTS, Lohja<\/p>\n<p>2019\u00a0\u00a0\u00a0\u00a0\u00a0\u00a0\u00a0\u00a0\u00a0\u00a0\u00a0\u00a0\u00a0 20&#215;20, Mikkeli Studio W\u00e4kew\u00e4, Savonlinna Katriina Kaija, Marja de Jong Studio 23<\/p>\n<p>2019\u00a0\u00a0\u00a0\u00a0\u00a0\u00a0\u00a0\u00a0\u00a0\u00a0\u00a0\u00a0\u00a0 Uusi Perliini, Taidekatu, Savontie 7, Pieks\u00e4m\u00e4ki<\/p>\n<p>2019\u00a0\u00a0\u00a0\u00a0\u00a0\u00a0\u00a0\u00a0\u00a0\u00a0\u00a0\u00a0\u00a0 +-13, Kulttuurikeskus Poleeni, Pieks\u00e4m\u00e4ki<\/p>\n<p>2018\u00a0\u00a0\u00a0\u00a0\u00a0\u00a0\u00a0\u00a0\u00a0\u00a0\u00a0\u00a0\u00a0 TIENOO, Riihisaari, Savonlinnan maakuntamuseo<\/p>\n<p>2018\u00a0\u00a0\u00a0\u00a0\u00a0\u00a0\u00a0\u00a0\u00a0\u00a0\u00a0\u00a0\u00a0 Kaheksa, The Museum Of New Art in P\u00e4rnu, Viro<\/p>\n<p>2018\u00a0\u00a0\u00a0\u00a0\u00a0\u00a0\u00a0\u00a0\u00a0\u00a0\u00a0\u00a0\u00a0 Taidekatu, Kauppakatu 2, Pieks\u00e4m\u00e4ki<\/p>\n<p>2018\u00a0\u00a0\u00a0\u00a0\u00a0\u00a0\u00a0\u00a0\u00a0\u00a0\u00a0\u00a0\u00a0 Galleria Loosi, Hospodar,Pieks\u00e4m\u00e4ki<\/p>\n<p>2018\u00a0\u00a0\u00a0\u00a0\u00a0\u00a0\u00a0\u00a0\u00a0\u00a0\u00a0\u00a0\u00a0 Taideaitat, M\u00e4ntyl\u00e4ntila, J\u00e4ppil\u00e4<\/p>\n<p>2018\u00a0\u00a0\u00a0\u00a0\u00a0\u00a0\u00a0\u00a0\u00a0\u00a0\u00a0\u00a0\u00a0 Kiehinen, kirjasto, Pielavesi<\/p>\n<p>2018\u00a0\u00a0\u00a0\u00a0\u00a0\u00a0\u00a0\u00a0\u00a0\u00a0\u00a0\u00a0\u00a0 Ornamon teosmyyntin\u00e4yttely, Kaapelitehdas Helsinki<\/p>\n<p>2017 \u00a0\u00a0\u00a0\u00a0\u00a0\u00a0\u00a0\u00a0\u00a0\u00a0\u00a0\u00a0 TIENOO, Studio W\u00e4kev\u00e4,Mikkeli<\/p>\n<p>2017\u00a0\u00a0\u00a0\u00a0\u00a0\u00a0\u00a0\u00a0\u00a0\u00a0\u00a0\u00a0\u00a0 TIENOO Pop-up, Mikaeli, Mikkeli<\/p>\n<p>2017\u00a0\u00a0\u00a0\u00a0\u00a0\u00a0\u00a0\u00a0\u00a0\u00a0\u00a0\u00a0\u00a0 Suomi 100 showroom, asuntomessut Mikkeli, Ankkurirannan kohde 25<\/p>\n<p>2017\u00a0\u00a0\u00a0\u00a0\u00a0\u00a0\u00a0\u00a0\u00a0\u00a0\u00a0\u00a0\u00a0 6+1 palaa, Jenni Linnoven Studio,vintti galleria, P\u00f6lj\u00e4<\/p>\n<p>2017\u00a0\u00a0\u00a0\u00a0\u00a0\u00a0\u00a0\u00a0\u00a0\u00a0\u00a0\u00a0\u00a0 Muusa, Studio W\u00e4kev\u00e4, Mikkeli<\/p>\n<p>2016\u00a0\u00a0\u00a0\u00a0\u00a0\u00a0\u00a0\u00a0\u00a0\u00a0\u00a0\u00a0\u00a0 Rinnakkaiseloa, Vanha Kilkkil\u00e4, Juva<\/p>\n<p>2016\u00a0\u00a0\u00a0\u00a0\u00a0\u00a0\u00a0\u00a0\u00a0\u00a0\u00a0\u00a0\u00a0 Luova hulluus!,It\u00e4-Suomen Ornamolaisten yhteisn\u00e4yttely, Taitemia, Kuopio<\/p>\n<p>2015\u00a0\u00a0\u00a0\u00a0\u00a0\u00a0\u00a0\u00a0\u00a0\u00a0\u00a0\u00a0\u00a0 Luova hulluus!,It\u00e4-Suomen Ornamolaisten yhteisn\u00e4yttely, Hinee, Mikkeli<\/p>\n<p>2015\u00a0\u00a0\u00a0\u00a0\u00a0\u00a0\u00a0\u00a0\u00a0\u00a0\u00a0\u00a0\u00a0 Pohjola-Norden, Faaborg, Tanska<\/p>\n<p>2015\u00a0\u00a0\u00a0\u00a0\u00a0\u00a0\u00a0\u00a0\u00a0\u00a0\u00a0\u00a0\u00a0 Nainen ja luonto, Galleria Fogga, Helsinki<\/p>\n<p>2014\u00a0\u00a0\u00a0\u00a0\u00a0\u00a0\u00a0\u00a0\u00a0\u00a0\u00a0\u00a0\u00a0 Keramiikka pieness\u00e4 tilassa, Design Forum Showroom, Helsinki<\/p>\n<p>2014\u00a0\u00a0\u00a0\u00a0\u00a0\u00a0\u00a0\u00a0\u00a0\u00a0\u00a0\u00a0\u00a0 Pieks\u00e4m\u00e4en Kuvataideseuran vuosin\u00e4yttely, Poleeni, Pieks\u00e4m\u00e4ki<\/p>\n<p>2014 \u00a0\u00a0\u00a0\u00a0\u00a0\u00a0\u00a0\u00a0\u00a0\u00a0\u00a0\u00a0 SAVI sublime, Galleria Kadieff, Helsinki<\/p>\n<p>2014 \u00a0\u00a0\u00a0\u00a0\u00a0\u00a0\u00a0\u00a0\u00a0\u00a0\u00a0\u00a0 Nuorten taiteilijoiden triennaali, Kulttuurikeskus Poleeni, Pieks\u00e4m\u00e4ki<\/p>\n<p>2014\u00a0\u00a0\u00a0\u00a0\u00a0\u00a0\u00a0\u00a0\u00a0\u00a0\u00a0\u00a0\u00a0 Pieks\u00e4m\u00e4en kuvataideseuran kes\u00e4n\u00e4yttely, Iso-Pappila, Pieks\u00e4m\u00e4ki<\/p>\n<p>2014\u00a0\u00a0\u00a0\u00a0\u00a0\u00a0\u00a0\u00a0\u00a0\u00a0\u00a0\u00a0\u00a0 Match Made, Savonlinnan kirjasto Joel<\/p>\n<p>2014\u00a0\u00a0\u00a0\u00a0\u00a0\u00a0\u00a0\u00a0\u00a0\u00a0\u00a0\u00a0\u00a0 Delft Blau, Studio W\u00e4kew\u00e4,Mikkeli<\/p>\n<p>2014 \u00a0\u00a0\u00a0\u00a0\u00a0\u00a0\u00a0\u00a0\u00a0\u00a0\u00a0\u00a0 Luontoon k\u00e4tketty, Galleria G12, Kuopio<\/p>\n<p>2013 \u00a0\u00a0\u00a0\u00a0\u00a0\u00a0\u00a0\u00a0\u00a0\u00a0\u00a0\u00a0 N\u00e4yttely esineit\u00e4 posliinista, N\u00e4yttelytila Tovi, Lasipalatsi, Helsinki<\/p>\n<p>2013 \u00a0\u00a0\u00a0\u00a0\u00a0\u00a0\u00a0\u00a0\u00a0\u00a0\u00a0\u00a0 3 in 1, Kulttuurikeskus Poleeni, Pieks\u00e4m\u00e4ki<\/p>\n<p>2012 \u00a0\u00a0\u00a0\u00a0\u00a0\u00a0\u00a0\u00a0\u00a0\u00a0\u00a0\u00a0 \u00c4itej\u00e4 ja tytt\u00e4ri\u00e4, Palvelutalo Abeli, Pieks\u00e4m\u00e4ki<\/p>\n<p>2012 \u00a0\u00a0\u00a0\u00a0\u00a0\u00a0\u00a0\u00a0\u00a0\u00a0\u00a0\u00a0 INFINITY, T\u00e4ky-galleria, Lappeenranta<\/p>\n<p>2012 \u00a0\u00a0\u00a0\u00a0\u00a0\u00a0\u00a0\u00a0\u00a0\u00a0\u00a0\u00a0 Etel\u00e4-Savon aluetaiden\u00e4yttely, Mikkelin taidemuseo<\/p>\n<p>2012 \u00a0\u00a0\u00a0\u00a0\u00a0\u00a0\u00a0\u00a0\u00a0\u00a0\u00a0\u00a0 \u00c4\u00e4rell\u00e4, Topin galleria, Pieks\u00e4m\u00e4ki<\/p>\n<p>2011 \u00a0\u00a0\u00a0\u00a0\u00a0\u00a0\u00a0\u00a0\u00a0\u00a0\u00a0\u00a0 TAIKA, Kuopin Muotoiluakatemia, kellarigalleria<\/p>\n<p>2011 \u00a0\u00a0\u00a0\u00a0\u00a0\u00a0\u00a0\u00a0\u00a0\u00a0\u00a0\u00a0 Kierr\u00e4tys koru n\u00e4yttely, Matti Matsonin ty\u00f6pajan ikkunagalleria, Kuopio<\/p>\n<p>2011\u00a0\u00a0\u00a0\u00a0\u00a0\u00a0\u00a0\u00a0\u00a0\u00a0\u00a0\u00a0\u00a0 Hallitus. Taide. Varkaus.,Taidekeskus V\u00e4in\u00f6l\u00e4, Varkaus<\/p>\n<p>2009 \u00a0\u00a0\u00a0\u00a0\u00a0\u00a0\u00a0\u00a0\u00a0\u00a0\u00a0\u00a0 Genesis, Savonia-amk \/ Kuopion Muotoiluakatemian n\u00e4yttely, Design Forum Finland Helsinki<\/p>\n<p>2008 \u00a0\u00a0\u00a0\u00a0\u00a0\u00a0\u00a0\u00a0\u00a0\u00a0\u00a0\u00a0 Lasifantasia 2008, Iittalan taidemuseolla, jurytetty n\u00e4yttely<\/p>\n<h4><strong>T\u00f6it\u00e4 kokoelmissa<\/strong><\/h4>\n<p>2016\u00a0\u00a0\u00a0\u00a0\u00a0\u00a0\u00a0\u00a0\u00a0\u00a0\u00a0\u00a0\u00a0 Markku Annila, Atolli 2010, suupuhallettu lasi<\/p>\n<p>2019\u00a0\u00a0\u00a0\u00a0\u00a0\u00a0\u00a0\u00a0\u00a0\u00a0\u00a0\u00a0\u00a0 Pieks\u00e4m\u00e4en kaupungin taidekokoelma, Saga 2012, ikkunalasi ja UV-liima<\/p>\n<h4><strong>Julkiset teokset<\/strong><\/h4>\n<p>2021\u00a0\u00a0\u00a0\u00a0\u00a0\u00a0\u00a0\u00a0\u00a0\u00a0\u00a0\u00a0\u00a0 Polku -taidekehys, Pieks\u00e4m\u00e4en kaupunki,Yst\u00e4vyyden puisto, Future Savo -hanke<\/p>\n<p>2020\u00a0\u00a0\u00a0\u00a0\u00a0\u00a0\u00a0\u00a0\u00a0\u00a0\u00a0\u00a0 Graffiti, Crossfit Pieks\u00e4m\u00e4ki, Hallipussi 1, 76100 Pieks\u00e4m\u00e4ki<\/p>\n<p>2017 \u00a0\u00a0\u00a0\u00a0\u00a0\u00a0\u00a0\u00a0\u00a0\u00a0\u00a0\u00a0 Sein\u00e4maalaus, Crossfit Pieks\u00e4m\u00e4ki, Hallipussi 1, 76100 Pieks\u00e4m\u00e4ki<\/p>\n<h4><strong>Tapahtumat<\/strong><\/h4>\n<p><strong><\/strong><\/p>\n<p>2019\u00a0\u00a0\u00a0\u00a0\u00a0\u00a0\u00a0\u00a0\u00a0\u00a0\u00a0\u00a0\u00a0 Tyhj\u00e4 kulho, Helsinki<\/p>\n<p>2017\u00a0\u00a0\u00a0\u00a0\u00a0\u00a0\u00a0\u00a0\u00a0\u00a0\u00a0\u00a0\u00a0 Mad week Mikkeli, Outlet, Mikaeli, Mikkeli<\/p>\n<p>2017\u00a0\u00a0\u00a0\u00a0\u00a0\u00a0\u00a0\u00a0\u00a0\u00a0\u00a0\u00a0\u00a0 Hyv\u00e4ntekev\u00e4isyys huutokauppa koulukiusaamista vastaan, Bretelle<\/p>\n<p>2016\u00a0\u00a0\u00a0\u00a0\u00a0\u00a0\u00a0\u00a0\u00a0\u00a0\u00a0\u00a0\u00a0 Mad week Mikkeli, Outlet, Mikaeli, Mikkeli<\/p>\n<p>2015\u00a0\u00a0\u00a0\u00a0\u00a0\u00a0\u00a0\u00a0\u00a0\u00a0\u00a0\u00a0\u00a0 Mad week Mikkeli, Outlet, Naisvuoritalo, Mikkeli<\/p>\n<p>2015\u00a0\u00a0\u00a0\u00a0\u00a0\u00a0\u00a0\u00a0\u00a0\u00a0\u00a0\u00a0\u00a0 Iso-Pappilan myym\u00e4l\u00e4, Pieks\u00e4m\u00e4ki<\/p>\n<p>2014\u00a0\u00a0\u00a0\u00a0\u00a0\u00a0\u00a0\u00a0\u00a0\u00a0\u00a0\u00a0\u00a0 Muodosta moneksi, Joulu Pop-up\/showroom, Kauppakeskus Akseli, Mikkeli<\/p>\n<p>2014\u00a0\u00a0\u00a0\u00a0\u00a0\u00a0\u00a0\u00a0\u00a0\u00a0\u00a0\u00a0\u00a0 Muodosta moneksi, Pop-up\/showroom, Porstuankammari, Mikkeli<\/p>\n<p>2014\u00a0\u00a0\u00a0\u00a0\u00a0\u00a0\u00a0\u00a0\u00a0\u00a0\u00a0\u00a0\u00a0 Iso-Pappilan myym\u00e4l\u00e4, Pieks\u00e4m\u00e4ki<\/p>\n<p>2013 \u00a0\u00a0\u00a0\u00a0\u00a0\u00a0\u00a0\u00a0\u00a0\u00a0\u00a0\u00a0 Muodosta moneksi, Taidekontti, Mikkeli<\/p>\n<p>[\/et_pb_text][\/et_pb_column][\/et_pb_row][\/et_pb_section][et_pb_section fb_built=&#8221;1&#8243; admin_label=&#8221;Footer Section&#8221; _builder_version=&#8221;3.22&#8243; background_color=&#8221;#1e1d1c&#8221; custom_padding=&#8221;29px||29px||true|&#8221; saved_tabs=&#8221;all&#8221; locked=&#8221;off&#8221;][et_pb_row column_structure=&#8221;1_3,1_3,1_3&#8243; admin_label=&#8221;Footer Area&#8221; _builder_version=&#8221;3.25&#8243;][et_pb_column type=&#8221;1_3&#8243; _builder_version=&#8221;3.25&#8243; custom_padding=&#8221;|||&#8221; custom_padding__hover=&#8221;|||&#8221;][et_pb_text ul_type=&#8221;none&#8221; admin_label=&#8221;Title&#8221; _builder_version=&#8221;4.0.3&#8243; text_font=&#8221;Poppins||||||||&#8221; text_text_color=&#8221;rgba(255,255,255,0.7)&#8221; text_font_size=&#8221;16px&#8221; text_line_height=&#8221;1.8em&#8221; ul_font=&#8221;Poppins||||||||&#8221; ul_text_align=&#8221;center&#8221; header_font=&#8221;||||||||&#8221; header_2_font=&#8221;Poppins||||||||&#8221; header_2_text_align=&#8221;center&#8221; header_2_font_size=&#8221;24px&#8221; header_2_line_height=&#8221;1.4em&#8221; text_orientation=&#8221;center&#8221; background_layout=&#8221;dark&#8221; custom_margin=&#8221;||15px|&#8221; custom_padding=&#8221;|||&#8221; animation_style=&#8221;fade&#8221;]<\/p>\n<h2>Studio<\/h2>\n<p>Savontie 39, <br \/>76100 Pieks\u00e4m\u00e4ki<\/p>\n<p>[\/et_pb_text][\/et_pb_column][et_pb_column type=&#8221;1_3&#8243; _builder_version=&#8221;3.25&#8243; custom_padding=&#8221;|||&#8221; custom_padding__hover=&#8221;|||&#8221;][et_pb_text ul_type=&#8221;none&#8221; admin_label=&#8221;Title&#8221; _builder_version=&#8221;4.0.3&#8243; text_font=&#8221;Poppins||||||||&#8221; text_text_color=&#8221;rgba(255,255,255,0.7)&#8221; text_font_size=&#8221;16px&#8221; text_line_height=&#8221;1.8em&#8221; ul_font=&#8221;Poppins||||||||&#8221; ul_text_align=&#8221;center&#8221; header_font=&#8221;||||||||&#8221; header_2_font=&#8221;Poppins||||||||&#8221; header_2_text_align=&#8221;center&#8221; header_2_font_size=&#8221;24px&#8221; header_2_line_height=&#8221;1.4em&#8221; text_orientation=&#8221;center&#8221; background_layout=&#8221;dark&#8221; custom_margin=&#8221;||15px|&#8221; custom_padding=&#8221;|||&#8221; animation_style=&#8221;fade&#8221;]<\/p>\n<h2>Puhelin<\/h2>\n<p><span>050 567 2283<\/span><\/p>\n<p>[\/et_pb_text][\/et_pb_column][et_pb_column type=&#8221;1_3&#8243; _builder_version=&#8221;3.25&#8243; custom_padding=&#8221;|||&#8221; custom_padding__hover=&#8221;|||&#8221;][et_pb_text ul_type=&#8221;none&#8221; admin_label=&#8221;Title&#8221; _builder_version=&#8221;4.0.3&#8243; text_font=&#8221;Poppins||||||||&#8221; text_text_color=&#8221;rgba(255,255,255,0.7)&#8221; text_font_size=&#8221;16px&#8221; text_line_height=&#8221;1.8em&#8221; ul_font=&#8221;Poppins||||||||&#8221; ul_text_align=&#8221;center&#8221; header_font=&#8221;||||||||&#8221; header_2_font=&#8221;Poppins||||||||&#8221; header_2_text_align=&#8221;center&#8221; header_2_font_size=&#8221;24px&#8221; header_2_line_height=&#8221;1.4em&#8221; text_orientation=&#8221;center&#8221; background_layout=&#8221;dark&#8221; custom_margin=&#8221;||15px|&#8221; custom_padding=&#8221;|||&#8221; animation_style=&#8221;fade&#8221;]<\/p>\n<h2>S\u00e4hk\u00f6posti<\/h2>\n<div class=\"_50f4\"><a href=\"mailto:susanna.tyrvainen@gmail.com\" target=\"_blank\" rel=\"noopener noreferrer\">susanna.tyrvainen@gmail.com<\/a><\/div>\n<p style=\"text-align: center;\">[\/et_pb_text][\/et_pb_column][\/et_pb_row][et_pb_row disabled_on=&#8221;off|off|off&#8221; admin_label=&#8221;Social Media&#8221; _builder_version=&#8221;3.25&#8243; custom_margin=&#8221;-1px|auto||auto||&#8221;][et_pb_column type=&#8221;4_4&#8243; _builder_version=&#8221;3.25&#8243; custom_padding=&#8221;|||&#8221; custom_padding__hover=&#8221;|||&#8221;][et_pb_social_media_follow _builder_version=&#8221;4.0.3&#8243; text_orientation=&#8221;center&#8221;][et_pb_social_media_follow_network social_network=&#8221;facebook&#8221; url=&#8221;https:\/\/www.facebook.com\/designersusanna&#8221; _builder_version=&#8221;4.0.3&#8243; background_color=&#8221;#fdb467&#8243; custom_margin=&#8221;|8px||8px&#8221; custom_padding=&#8221;14px|14px|14px|14px&#8221; border_radii=&#8221;on|100px|100px|100px|100px&#8221; follow_button=&#8221;off&#8221; url_new_window=&#8221;on&#8221;]facebook[\/et_pb_social_media_follow_network][et_pb_social_media_follow_network social_network=&#8221;instagram&#8221; url=&#8221;http:\/\/instagram.com\/designersusanna_&#8221; _builder_version=&#8221;4.0.3&#8243; background_color=&#8221;#fdb467&#8243; custom_margin=&#8221;|8px||8px&#8221; custom_padding=&#8221;14px|14px|14px|14px&#8221; border_radii=&#8221;on|100px|100px|100px|100px&#8221; follow_button=&#8221;off&#8221; url_new_window=&#8221;on&#8221;]instagram[\/et_pb_social_media_follow_network][\/et_pb_social_media_follow][\/et_pb_column][\/et_pb_row][\/et_pb_section]<\/p>\n","protected":false},"excerpt":{"rendered":"<p>N\u00c4YTTELYTYksityiset n\u00e4yttelyt 2017\u00a0\u00a0\u00a0\u00a0\u00a0\u00a0\u00a0\u00a0\u00a0\u00a0\u00a0\u00a0\u00a0 Vihre\u00e4 kyynel II \u2013Heijastuksia, Iso-Pappila, Pieks\u00e4m\u00e4ki 2016\u00a0\u00a0\u00a0\u00a0\u00a0\u00a0\u00a0\u00a0\u00a0\u00a0\u00a0\u00a0\u00a0 Vihre\u00e4 kyynel, Galleria Mafka &amp; Alakoski, Iso-Robertinkatu 19, Helsinki Yhteiset n\u00e4yttelyt 2021\u00a0\u00a0\u00a0\u00a0\u00a0\u00a0\u00a0\u00a0\u00a0\u00a0\u00a0\u00a0\u00a0 Kuudes aisti, Galleria Fogga, Helsinki 2021\u00a0\u00a0\u00a0\u00a0\u00a0\u00a0\u00a0\u00a0\u00a0\u00a0\u00a0\u00a0\u00a0 20&#215;20, Spirit of spring, Galleria Kookos, Helsinki 2020\u00a0 \u00a0 \u00a0 \u00a0 \u00a0 \u00a0\u00a0 Ceramega, Voipaalan taidekeskus, Valkeakoski 2020\u00a0\u00a0\u00a0\u00a0\u00a0\u00a0\u00a0\u00a0\u00a0\u00a0\u00a0\u00a0 Kes\u00e4y\u00f6n unelmia, Kulttuurikeskus Poleeni 2020\u00a0\u00a0\u00a0\u00a0\u00a0\u00a0\u00a0\u00a0\u00a0\u00a0\u00a0\u00a0 20&#215;20, Galleria LUTS, Lohja [&hellip;]<\/p>\n","protected":false},"author":2,"featured_media":0,"parent":0,"menu_order":0,"comment_status":"closed","ping_status":"closed","template":"","meta":{"_et_pb_use_builder":"on","_et_pb_old_content":"","_et_gb_content_width":""},"yoast_head":"<!-- This site is optimized with the Yoast SEO plugin v16.9 - https:\/\/yoast.com\/wordpress\/plugins\/seo\/ -->\n<title>N\u00e4yttelyt | Susanna Tyrv&auml;inen Muotoilija<\/title>\n<meta name=\"robots\" content=\"index, follow, max-snippet:-1, max-image-preview:large, max-video-preview:-1\" \/>\n<link rel=\"canonical\" href=\"https:\/\/www.designersusanna.fi\/?page_id=33\" \/>\n<meta property=\"og:locale\" content=\"fi_FI\" \/>\n<meta property=\"og:type\" content=\"article\" \/>\n<meta property=\"og:title\" content=\"N\u00e4yttelyt | Susanna Tyrv&auml;inen Muotoilija\" \/>\n<meta property=\"og:description\" content=\"N\u00c4YTTELYTYksityiset n\u00e4yttelyt 2017\u00a0\u00a0\u00a0\u00a0\u00a0\u00a0\u00a0\u00a0\u00a0\u00a0\u00a0\u00a0\u00a0 Vihre\u00e4 kyynel II \u2013Heijastuksia, Iso-Pappila, Pieks\u00e4m\u00e4ki 2016\u00a0\u00a0\u00a0\u00a0\u00a0\u00a0\u00a0\u00a0\u00a0\u00a0\u00a0\u00a0\u00a0 Vihre\u00e4 kyynel, Galleria Mafka &amp; Alakoski, Iso-Robertinkatu 19, Helsinki Yhteiset n\u00e4yttelyt 2021\u00a0\u00a0\u00a0\u00a0\u00a0\u00a0\u00a0\u00a0\u00a0\u00a0\u00a0\u00a0\u00a0 Kuudes aisti, Galleria Fogga, Helsinki 2021\u00a0\u00a0\u00a0\u00a0\u00a0\u00a0\u00a0\u00a0\u00a0\u00a0\u00a0\u00a0\u00a0 20x20, Spirit of spring, Galleria Kookos, Helsinki 2020\u00a0 \u00a0 \u00a0 \u00a0 \u00a0 \u00a0\u00a0 Ceramega, Voipaalan taidekeskus, Valkeakoski 2020\u00a0\u00a0\u00a0\u00a0\u00a0\u00a0\u00a0\u00a0\u00a0\u00a0\u00a0\u00a0 Kes\u00e4y\u00f6n unelmia, Kulttuurikeskus Poleeni 2020\u00a0\u00a0\u00a0\u00a0\u00a0\u00a0\u00a0\u00a0\u00a0\u00a0\u00a0\u00a0 20x20, Galleria LUTS, Lohja [&hellip;]\" \/>\n<meta property=\"og:url\" content=\"https:\/\/www.designersusanna.fi\/?page_id=33\" \/>\n<meta property=\"og:site_name\" content=\"Susanna Tyrv&auml;inen Muotoilija\" \/>\n<meta property=\"article:publisher\" content=\"https:\/\/www.facebook.com\/designersusanna\/\" \/>\n<meta property=\"article:modified_time\" content=\"2021-05-14T06:07:43+00:00\" \/>\n<meta name=\"twitter:card\" content=\"summary_large_image\" \/>\n<meta name=\"twitter:label1\" content=\"Arvioitu lukuaika\" \/>\n\t<meta name=\"twitter:data1\" content=\"5 minuuttia\" \/>\n<script type=\"application\/ld+json\" class=\"yoast-schema-graph\">{\"@context\":\"https:\/\/schema.org\",\"@graph\":[{\"@type\":\"Organization\",\"@id\":\"https:\/\/www.designersusanna.fi\/#organization\",\"name\":\"Desinger Susanna Tyrv\\u00e4inen\",\"url\":\"https:\/\/www.designersusanna.fi\/\",\"sameAs\":[\"https:\/\/www.facebook.com\/designersusanna\/\",\"https:\/\/www.instagram.com\/designersusanna_\"],\"logo\":{\"@type\":\"ImageObject\",\"@id\":\"https:\/\/www.designersusanna.fi\/#logo\",\"inLanguage\":\"fi\",\"url\":\"https:\/\/www.designersusanna.fi\/wp-content\/uploads\/2020\/05\/Na\\u0308ytto\\u0308kuva-2020-5-6-kello-12.22.11.png\",\"contentUrl\":\"https:\/\/www.designersusanna.fi\/wp-content\/uploads\/2020\/05\/Na\\u0308ytto\\u0308kuva-2020-5-6-kello-12.22.11.png\",\"width\":1034,\"height\":1034,\"caption\":\"Desinger Susanna Tyrv\\u00e4inen\"},\"image\":{\"@id\":\"https:\/\/www.designersusanna.fi\/#logo\"}},{\"@type\":\"WebSite\",\"@id\":\"https:\/\/www.designersusanna.fi\/#website\",\"url\":\"https:\/\/www.designersusanna.fi\/\",\"name\":\"Susanna Tyrv&auml;inen Muotoilija\",\"description\":\"Susanna Tyrv&auml;inen muotoilija\",\"publisher\":{\"@id\":\"https:\/\/www.designersusanna.fi\/#organization\"},\"potentialAction\":[{\"@type\":\"SearchAction\",\"target\":{\"@type\":\"EntryPoint\",\"urlTemplate\":\"https:\/\/www.designersusanna.fi\/?s={search_term_string}\"},\"query-input\":\"required name=search_term_string\"}],\"inLanguage\":\"fi\"},{\"@type\":\"WebPage\",\"@id\":\"https:\/\/www.designersusanna.fi\/?page_id=33#webpage\",\"url\":\"https:\/\/www.designersusanna.fi\/?page_id=33\",\"name\":\"N\\u00e4yttelyt | Susanna Tyrv&auml;inen Muotoilija\",\"isPartOf\":{\"@id\":\"https:\/\/www.designersusanna.fi\/#website\"},\"datePublished\":\"2020-03-19T09:10:50+00:00\",\"dateModified\":\"2021-05-14T06:07:43+00:00\",\"breadcrumb\":{\"@id\":\"https:\/\/www.designersusanna.fi\/?page_id=33#breadcrumb\"},\"inLanguage\":\"fi\",\"potentialAction\":[{\"@type\":\"ReadAction\",\"target\":[\"https:\/\/www.designersusanna.fi\/?page_id=33\"]}]},{\"@type\":\"BreadcrumbList\",\"@id\":\"https:\/\/www.designersusanna.fi\/?page_id=33#breadcrumb\",\"itemListElement\":[{\"@type\":\"ListItem\",\"position\":1,\"name\":\"Home\",\"item\":\"https:\/\/www.designersusanna.fi\/\"},{\"@type\":\"ListItem\",\"position\":2,\"name\":\"N\\u00e4yttelyt\"}]}]}<\/script>\n<!-- \/ Yoast SEO plugin. -->","yoast_head_json":{"title":"N\u00e4yttelyt | Susanna Tyrv&auml;inen Muotoilija","robots":{"index":"index","follow":"follow","max-snippet":"max-snippet:-1","max-image-preview":"max-image-preview:large","max-video-preview":"max-video-preview:-1"},"canonical":"https:\/\/www.designersusanna.fi\/?page_id=33","og_locale":"fi_FI","og_type":"article","og_title":"N\u00e4yttelyt | Susanna Tyrv&auml;inen Muotoilija","og_description":"N\u00c4YTTELYTYksityiset n\u00e4yttelyt 2017\u00a0\u00a0\u00a0\u00a0\u00a0\u00a0\u00a0\u00a0\u00a0\u00a0\u00a0\u00a0\u00a0 Vihre\u00e4 kyynel II \u2013Heijastuksia, Iso-Pappila, Pieks\u00e4m\u00e4ki 2016\u00a0\u00a0\u00a0\u00a0\u00a0\u00a0\u00a0\u00a0\u00a0\u00a0\u00a0\u00a0\u00a0 Vihre\u00e4 kyynel, Galleria Mafka &amp; Alakoski, Iso-Robertinkatu 19, Helsinki Yhteiset n\u00e4yttelyt 2021\u00a0\u00a0\u00a0\u00a0\u00a0\u00a0\u00a0\u00a0\u00a0\u00a0\u00a0\u00a0\u00a0 Kuudes aisti, Galleria Fogga, Helsinki 2021\u00a0\u00a0\u00a0\u00a0\u00a0\u00a0\u00a0\u00a0\u00a0\u00a0\u00a0\u00a0\u00a0 20x20, Spirit of spring, Galleria Kookos, Helsinki 2020\u00a0 \u00a0 \u00a0 \u00a0 \u00a0 \u00a0\u00a0 Ceramega, Voipaalan taidekeskus, Valkeakoski 2020\u00a0\u00a0\u00a0\u00a0\u00a0\u00a0\u00a0\u00a0\u00a0\u00a0\u00a0\u00a0 Kes\u00e4y\u00f6n unelmia, Kulttuurikeskus Poleeni 2020\u00a0\u00a0\u00a0\u00a0\u00a0\u00a0\u00a0\u00a0\u00a0\u00a0\u00a0\u00a0 20x20, Galleria LUTS, Lohja [&hellip;]","og_url":"https:\/\/www.designersusanna.fi\/?page_id=33","og_site_name":"Susanna Tyrv&auml;inen Muotoilija","article_publisher":"https:\/\/www.facebook.com\/designersusanna\/","article_modified_time":"2021-05-14T06:07:43+00:00","twitter_card":"summary_large_image","twitter_misc":{"Arvioitu lukuaika":"5 minuuttia"},"schema":{"@context":"https:\/\/schema.org","@graph":[{"@type":"Organization","@id":"https:\/\/www.designersusanna.fi\/#organization","name":"Desinger Susanna Tyrv\u00e4inen","url":"https:\/\/www.designersusanna.fi\/","sameAs":["https:\/\/www.facebook.com\/designersusanna\/","https:\/\/www.instagram.com\/designersusanna_"],"logo":{"@type":"ImageObject","@id":"https:\/\/www.designersusanna.fi\/#logo","inLanguage":"fi","url":"https:\/\/www.designersusanna.fi\/wp-content\/uploads\/2020\/05\/Na\u0308ytto\u0308kuva-2020-5-6-kello-12.22.11.png","contentUrl":"https:\/\/www.designersusanna.fi\/wp-content\/uploads\/2020\/05\/Na\u0308ytto\u0308kuva-2020-5-6-kello-12.22.11.png","width":1034,"height":1034,"caption":"Desinger Susanna Tyrv\u00e4inen"},"image":{"@id":"https:\/\/www.designersusanna.fi\/#logo"}},{"@type":"WebSite","@id":"https:\/\/www.designersusanna.fi\/#website","url":"https:\/\/www.designersusanna.fi\/","name":"Susanna Tyrv&auml;inen Muotoilija","description":"Susanna Tyrv&auml;inen muotoilija","publisher":{"@id":"https:\/\/www.designersusanna.fi\/#organization"},"potentialAction":[{"@type":"SearchAction","target":{"@type":"EntryPoint","urlTemplate":"https:\/\/www.designersusanna.fi\/?s={search_term_string}"},"query-input":"required name=search_term_string"}],"inLanguage":"fi"},{"@type":"WebPage","@id":"https:\/\/www.designersusanna.fi\/?page_id=33#webpage","url":"https:\/\/www.designersusanna.fi\/?page_id=33","name":"N\u00e4yttelyt | Susanna Tyrv&auml;inen Muotoilija","isPartOf":{"@id":"https:\/\/www.designersusanna.fi\/#website"},"datePublished":"2020-03-19T09:10:50+00:00","dateModified":"2021-05-14T06:07:43+00:00","breadcrumb":{"@id":"https:\/\/www.designersusanna.fi\/?page_id=33#breadcrumb"},"inLanguage":"fi","potentialAction":[{"@type":"ReadAction","target":["https:\/\/www.designersusanna.fi\/?page_id=33"]}]},{"@type":"BreadcrumbList","@id":"https:\/\/www.designersusanna.fi\/?page_id=33#breadcrumb","itemListElement":[{"@type":"ListItem","position":1,"name":"Home","item":"https:\/\/www.designersusanna.fi\/"},{"@type":"ListItem","position":2,"name":"N\u00e4yttelyt"}]}]}},"_links":{"self":[{"href":"https:\/\/www.designersusanna.fi\/index.php?rest_route=\/wp\/v2\/pages\/33"}],"collection":[{"href":"https:\/\/www.designersusanna.fi\/index.php?rest_route=\/wp\/v2\/pages"}],"about":[{"href":"https:\/\/www.designersusanna.fi\/index.php?rest_route=\/wp\/v2\/types\/page"}],"author":[{"embeddable":true,"href":"https:\/\/www.designersusanna.fi\/index.php?rest_route=\/wp\/v2\/users\/2"}],"replies":[{"embeddable":true,"href":"https:\/\/www.designersusanna.fi\/index.php?rest_route=%2Fwp%2Fv2%2Fcomments&post=33"}],"version-history":[{"count":34,"href":"https:\/\/www.designersusanna.fi\/index.php?rest_route=\/wp\/v2\/pages\/33\/revisions"}],"predecessor-version":[{"id":1756,"href":"https:\/\/www.designersusanna.fi\/index.php?rest_route=\/wp\/v2\/pages\/33\/revisions\/1756"}],"wp:attachment":[{"href":"https:\/\/www.designersusanna.fi\/index.php?rest_route=%2Fwp%2Fv2%2Fmedia&parent=33"}],"curies":[{"name":"wp","href":"https:\/\/api.w.org\/{rel}","templated":true}]}}